{"id":780,"date":"2023-07-12T15:56:01","date_gmt":"2023-07-12T20:56:01","guid":{"rendered":"https:\/\/thaispanampang.ch\/?page_id=780"},"modified":"2024-02-29T14:35:28","modified_gmt":"2024-02-29T19:35:28","slug":"traditional-thai-massage","status":"publish","type":"page","link":"https:\/\/thaispanampang.ch\/en\/traditional-thai-massage\/","title":{"rendered":"Traditional Thai massage"},"content":{"rendered":"<div data-elementor-type=\"wp-page\" data-elementor-id=\"780\" class=\"elementor elementor-780\" data-elementor-post-type=\"page\">\n\t\t\t\t\t\t<section class=\"elementor-section elementor-top-section elementor-element elementor-element-5a030ea elementor-section-boxed elementor-section-height-default elementor-section-height-default\" data-id=\"5a030ea\" data-element_type=\"section\" data-e-type=\"section\">\n\t\t\t\t\t\t<div class=\"elementor-container elementor-column-gap-default\">\n\t\t\t\t\t<div class=\"elementor-column elementor-col-100 elementor-top-column elementor-element elementor-element-fd4d7ee\" data-id=\"fd4d7ee\" data-element_type=\"column\" data-e-type=\"column\">\n\t\t\t<div class=\"elementor-widget-wrap\">\n\t\t\t\t\t\t\t<\/div>\n\t\t<\/div>\n\t\t\t\t\t<\/div>\n\t\t<\/section>\n\t\t\t\t<section class=\"elementor-section elementor-top-section elementor-element elementor-element-bcceaa9 elementor-section-boxed elementor-section-height-default elementor-section-height-default\" data-id=\"bcceaa9\" data-element_type=\"section\" data-e-type=\"section\">\n\t\t\t\t\t\t<div class=\"elementor-container elementor-column-gap-default\">\n\t\t\t\t\t<div class=\"elementor-column elementor-col-100 elementor-top-column elementor-element elementor-element-6327db5\" data-id=\"6327db5\" data-element_type=\"column\" data-e-type=\"column\">\n\t\t\t<div class=\"elementor-widget-wrap elementor-element-populated\">\n\t\t\t\t\t\t<div class=\"elementor-element elementor-element-a717b8f elementor-widget elementor-widget-heading\" data-id=\"a717b8f\" data-element_type=\"widget\" data-e-type=\"widget\" data-widget_type=\"heading.default\">\n\t\t\t\t<div class=\"elementor-widget-container\">\n\t\t\t\t\t<h2 class=\"elementor-heading-title elementor-size-default\">Traditional Thai Massage<\/h2>\t\t\t\t<\/div>\n\t\t\t\t<\/div>\n\t\t\t\t<div class=\"elementor-element elementor-element-fff6a01 elementor-widget-divider--view-line elementor-widget elementor-widget-divider\" data-id=\"fff6a01\" data-element_type=\"widget\" data-e-type=\"widget\" data-widget_type=\"divider.default\">\n\t\t\t\t<div class=\"elementor-widget-container\">\n\t\t\t\t\t\t\t<div class=\"elementor-divider\">\n\t\t\t<span class=\"elementor-divider-separator\">\n\t\t\t\t\t\t<\/span>\n\t\t<\/div>\n\t\t\t\t\t\t<\/div>\n\t\t\t\t<\/div>\n\t\t\t\t\t<\/div>\n\t\t<\/div>\n\t\t\t\t\t<\/div>\n\t\t<\/section>\n\t\t\t\t<section class=\"elementor-section elementor-top-section elementor-element elementor-element-804f5a8 elementor-section-boxed elementor-section-height-default elementor-section-height-default\" data-id=\"804f5a8\" data-element_type=\"section\" data-e-type=\"section\">\n\t\t\t\t\t\t<div class=\"elementor-container elementor-column-gap-default\">\n\t\t\t\t\t<div class=\"elementor-column elementor-col-33 elementor-top-column elementor-element elementor-element-de282f0\" data-id=\"de282f0\" data-element_type=\"column\" data-e-type=\"column\">\n\t\t\t<div class=\"elementor-widget-wrap elementor-element-populated\">\n\t\t\t\t\t\t<div class=\"elementor-element elementor-element-8e46e23 elementor-widget elementor-widget-image\" data-id=\"8e46e23\" data-element_type=\"widget\" data-e-type=\"widget\" data-widget_type=\"image.default\">\n\t\t\t\t<div class=\"elementor-widget-container\">\n\t\t\t\t\t\t\t\t\t\t\t\t\t\t\t<img fetchpriority=\"high\" decoding=\"async\" width=\"794\" height=\"1024\" src=\"https:\/\/thaispanampang.ch\/wp-content\/uploads\/2024\/02\/original-tai-copia-794x1024.webp\" class=\"attachment-large size-large wp-image-1364\" alt=\"Traditional Thai Massage\" srcset=\"https:\/\/thaispanampang.ch\/wp-content\/uploads\/2024\/02\/original-tai-copia-794x1024.webp 794w, https:\/\/thaispanampang.ch\/wp-content\/uploads\/2024\/02\/original-tai-copia-233x300.webp 233w, https:\/\/thaispanampang.ch\/wp-content\/uploads\/2024\/02\/original-tai-copia-768x990.webp 768w, https:\/\/thaispanampang.ch\/wp-content\/uploads\/2024\/02\/original-tai-copia-1191x1536.webp 1191w, https:\/\/thaispanampang.ch\/wp-content\/uploads\/2024\/02\/original-tai-copia.webp 1333w\" sizes=\"(max-width: 794px) 100vw, 794px\" \/>\t\t\t\t\t\t\t\t\t\t\t\t\t\t\t<\/div>\n\t\t\t\t<\/div>\n\t\t\t\t\t<\/div>\n\t\t<\/div>\n\t\t\t\t<div class=\"elementor-column elementor-col-66 elementor-top-column elementor-element elementor-element-886aa4b\" data-id=\"886aa4b\" data-element_type=\"column\" data-e-type=\"column\">\n\t\t\t<div class=\"elementor-widget-wrap elementor-element-populated\">\n\t\t\t\t\t\t<div class=\"elementor-element elementor-element-86a5a57 elementor-widget elementor-widget-spacer\" data-id=\"86a5a57\" data-element_type=\"widget\" data-e-type=\"widget\" data-widget_type=\"spacer.default\">\n\t\t\t\t<div class=\"elementor-widget-container\">\n\t\t\t\t\t\t\t<div class=\"elementor-spacer\">\n\t\t\t<div class=\"elementor-spacer-inner\"><\/div>\n\t\t<\/div>\n\t\t\t\t\t\t<\/div>\n\t\t\t\t<\/div>\n\t\t\t\t<div class=\"elementor-element elementor-element-f6973f1 elementor-widget__width-initial elementor-widget elementor-widget-text-editor\" data-id=\"f6973f1\" data-element_type=\"widget\" data-e-type=\"widget\" data-widget_type=\"text-editor.default\">\n\t\t\t\t<div class=\"elementor-widget-container\">\n\t\t\t\t\t\t\t\t\t<p>This Thai massage Works the energetic lines of the body, also called \u201cSEN\u201d lines, through a series of pressures with the fingers and the palm hand. Also soft, dynamic and rhythmic stretching whose purpose is a therapeuticeffect to harmonize, balance and energize both your physical, mental and emotional part.<br \/>The Thai massage benefits, especially in cases of:<\/p><ul><li>Tension and stress on mind and body.<\/li><li>Muscular and joints pain.<\/li><li>Insomnia and nervous tension.<\/li><li>Loss of flexibility or movement.<\/li><li>Circulatory problems.<\/li><\/ul><p>Once this massage is done to the body, finally free from stress and toxins, you see yourself invaded by a feeling of lightness, well-being, mental calm and equanimity<\/p>\t\t\t\t\t\t\t\t<\/div>\n\t\t\t\t<\/div>\n\t\t\t\t<div class=\"elementor-element elementor-element-f8f3b01 elementor-widget elementor-widget-heading\" data-id=\"f8f3b01\" data-element_type=\"widget\" data-e-type=\"widget\" data-widget_type=\"heading.default\">\n\t\t\t\t<div class=\"elementor-widget-container\">\n\t\t\t\t\t<h2 class=\"elementor-heading-title elementor-size-default\"> 60 min 100 Fr. We accept debit and credit cards<\/h2>\t\t\t\t<\/div>\n\t\t\t\t<\/div>\n\t\t\t\t\t<\/div>\n\t\t<\/div>\n\t\t\t\t\t<\/div>\n\t\t<\/section>\n\t\t\t\t<section class=\"elementor-section elementor-top-section elementor-element elementor-element-9de5b2d elementor-section-boxed elementor-section-height-default elementor-section-height-default\" data-id=\"9de5b2d\" data-element_type=\"section\" data-e-type=\"section\">\n\t\t\t\t\t\t<div class=\"elementor-container elementor-column-gap-default\">\n\t\t\t\t\t<div class=\"elementor-column elementor-col-100 elementor-top-column elementor-element elementor-element-778c873\" data-id=\"778c873\" data-element_type=\"column\" data-e-type=\"column\">\n\t\t\t<div class=\"elementor-widget-wrap\">\n\t\t\t\t\t\t\t<\/div>\n\t\t<\/div>\n\t\t\t\t\t<\/div>\n\t\t<\/section>\n\t\t\t\t<\/div>","protected":false},"excerpt":{"rendered":"<p>Traditional Thai Massage Diese thail\u00e4ndische Massage bearbeitet durch Finger- und Handfl\u00e4chendruckdie Energiebahnen des K\u00f6rpers, auch \u201eSEN\u201c Linien genannt. Sie beinhaltet auch sanfte, dynamische und rhythmische Streckungen des K\u00f6rpers, deren Ziel der therapeutische Effekt der Harmonisierung des Energiesystems ist und so einen Energieschub f\u00fcr K\u00f6rper, Kopf und Geist bedeutet.Die Thai Massage ist besonders f\u00fcr folgende F\u00e4lle [&hellip;]<\/p>\n","protected":false},"author":1,"featured_media":0,"parent":0,"menu_order":0,"comment_status":"closed","ping_status":"closed","template":"","meta":{"_monsterinsights_skip_tracking":false,"_monsterinsights_sitenote_active":false,"_monsterinsights_sitenote_note":"","_monsterinsights_sitenote_category":0,"site-sidebar-layout":"no-sidebar","site-content-layout":"page-builder","ast-site-content-layout":"default","site-content-style":"default","site-sidebar-style":"default","ast-global-header-display":"","ast-banner-title-visibility":"","ast-main-header-display":"","ast-hfb-above-header-display":"","ast-hfb-below-header-display":"","ast-hfb-mobile-header-display":"","site-post-title":"disabled","ast-breadcrumbs-content":"","ast-featured-img":"disabled","footer-sml-layout":"","ast-disable-related-posts":"","theme-transparent-header-meta":"","adv-header-id-meta":"","stick-header-meta":"","header-above-stick-meta":"","header-main-stick-meta":"","header-below-stick-meta":"","astra-migrate-meta-layouts":"default","ast-page-background-enabled":"default","ast-page-background-meta":{"desktop":{"background-color":"var(--ast-global-color-4)","background-image":"","background-repeat":"repeat","background-position":"center center","background-size":"auto","background-attachment":"scroll","background-type":"","background-media":"","overlay-type":"","overlay-color":"","overlay-opacity":"","overlay-gradient":""},"tablet":{"background-color":"","background-image":"","background-repeat":"repeat","background-position":"center center","background-size":"auto","background-attachment":"scroll","background-type":"","background-media":"","overlay-type":"","overlay-color":"","overlay-opacity":"","overlay-gradient":""},"mobile":{"background-color":"","background-image":"","background-repeat":"repeat","background-position":"center center","background-size":"auto","background-attachment":"scroll","background-type":"","background-media":"","overlay-type":"","overlay-color":"","overlay-opacity":"","overlay-gradient":""}},"ast-content-background-meta":{"desktop":{"background-color":"var(--ast-global-color-5)","background-image":"","background-repeat":"repeat","background-position":"center center","background-size":"auto","background-attachment":"scroll","background-type":"","background-media":"","overlay-type":"","overlay-color":"","overlay-opacity":"","overlay-gradient":""},"tablet":{"background-color":"var(--ast-global-color-5)","background-image":"","background-repeat":"repeat","background-position":"center center","background-size":"auto","background-attachment":"scroll","background-type":"","background-media":"","overlay-type":"","overlay-color":"","overlay-opacity":"","overlay-gradient":""},"mobile":{"background-color":"var(--ast-global-color-5)","background-image":"","background-repeat":"repeat","background-position":"center center","background-size":"auto","background-attachment":"scroll","background-type":"","background-media":"","overlay-type":"","overlay-color":"","overlay-opacity":"","overlay-gradient":""}},"footnotes":""},"class_list":["post-780","page","type-page","status-publish","hentry"],"yoast_head":"<!-- This site is optimized with the Yoast SEO plugin v27.2 - https:\/\/yoast.com\/product\/yoast-seo-wordpress\/ -->\n<title>Traditionelle Thai Massage thaispanampang<\/title>\n<meta name=\"description\" content=\"Traditional Thai Massage Diese thail\u00e4ndische Massage bearbeitet durch Finger- und Handfl\u00e4chendruckdie Energiebahnen des K\u00f6rpers, auch \u201eSEN\u201c Linien\" \/>\n<meta name=\"robots\" content=\"index, follow, max-snippet:-1, max-image-preview:large, max-video-preview:-1\" \/>\n<link rel=\"canonical\" href=\"https:\/\/thaispanampang.ch\/en\/traditional-thai-massage\/\" \/>\n<meta property=\"og:locale\" content=\"en_US\" \/>\n<meta property=\"og:type\" content=\"article\" \/>\n<meta property=\"og:title\" content=\"Traditionelle Thai Massage thaispanampang\" \/>\n<meta property=\"og:description\" content=\"Traditional Thai Massage Diese thail\u00e4ndische Massage bearbeitet durch Finger- und Handfl\u00e4chendruckdie Energiebahnen des K\u00f6rpers, auch \u201eSEN\u201c Linien\" \/>\n<meta property=\"og:url\" content=\"https:\/\/thaispanampang.ch\/en\/traditional-thai-massage\/\" \/>\n<meta property=\"og:site_name\" content=\"thaispanampang\" \/>\n<meta property=\"article:modified_time\" content=\"2024-02-29T19:35:28+00:00\" \/>\n<meta property=\"og:image\" content=\"https:\/\/thaispanampang.ch\/wp-content\/uploads\/2024\/02\/original-tai-copia-794x1024.webp\" \/>\n<meta name=\"twitter:card\" content=\"summary_large_image\" \/>\n<meta name=\"twitter:label1\" content=\"Est. reading time\" \/>\n\t<meta name=\"twitter:data1\" content=\"1 minute\" \/>\n<script type=\"application\/ld+json\" class=\"yoast-schema-graph\">{\"@context\":\"https:\/\/schema.org\",\"@graph\":[{\"@type\":\"WebPage\",\"@id\":\"https:\/\/thaispanampang.ch\/traditional-thai-massage\/\",\"url\":\"https:\/\/thaispanampang.ch\/traditional-thai-massage\/\",\"name\":\"Traditionelle Thai Massage thaispanampang\",\"isPartOf\":{\"@id\":\"https:\/\/thaispanampang.ch\/#website\"},\"primaryImageOfPage\":{\"@id\":\"https:\/\/thaispanampang.ch\/traditional-thai-massage\/#primaryimage\"},\"image\":{\"@id\":\"https:\/\/thaispanampang.ch\/traditional-thai-massage\/#primaryimage\"},\"thumbnailUrl\":\"https:\/\/thaispanampang.ch\/wp-content\/uploads\/2024\/02\/original-tai-copia-794x1024.webp\",\"datePublished\":\"2023-07-12T20:56:01+00:00\",\"dateModified\":\"2024-02-29T19:35:28+00:00\",\"description\":\"Traditional Thai Massage Diese thail\u00e4ndische Massage bearbeitet durch Finger- und Handfl\u00e4chendruckdie Energiebahnen des K\u00f6rpers, auch \u201eSEN\u201c Linien\",\"breadcrumb\":{\"@id\":\"https:\/\/thaispanampang.ch\/traditional-thai-massage\/#breadcrumb\"},\"inLanguage\":\"en-US\",\"potentialAction\":[{\"@type\":\"ReadAction\",\"target\":[\"https:\/\/thaispanampang.ch\/traditional-thai-massage\/\"]}]},{\"@type\":\"ImageObject\",\"inLanguage\":\"en-US\",\"@id\":\"https:\/\/thaispanampang.ch\/traditional-thai-massage\/#primaryimage\",\"url\":\"https:\/\/thaispanampang.ch\/wp-content\/uploads\/2024\/02\/original-tai-copia-794x1024.webp\",\"contentUrl\":\"https:\/\/thaispanampang.ch\/wp-content\/uploads\/2024\/02\/original-tai-copia-794x1024.webp\"},{\"@type\":\"BreadcrumbList\",\"@id\":\"https:\/\/thaispanampang.ch\/traditional-thai-massage\/#breadcrumb\",\"itemListElement\":[{\"@type\":\"ListItem\",\"position\":1,\"name\":\"Inicio\",\"item\":\"https:\/\/thaispanampang.ch\/\"},{\"@type\":\"ListItem\",\"position\":2,\"name\":\"Traditionelle Thai Massage\"}]},{\"@type\":\"WebSite\",\"@id\":\"https:\/\/thaispanampang.ch\/#website\",\"url\":\"https:\/\/thaispanampang.ch\/\",\"name\":\"thaispanampang\",\"description\":\"Spa und Massage\",\"publisher\":{\"@id\":\"https:\/\/thaispanampang.ch\/#organization\"},\"potentialAction\":[{\"@type\":\"SearchAction\",\"target\":{\"@type\":\"EntryPoint\",\"urlTemplate\":\"https:\/\/thaispanampang.ch\/?s={search_term_string}\"},\"query-input\":{\"@type\":\"PropertyValueSpecification\",\"valueRequired\":true,\"valueName\":\"search_term_string\"}}],\"inLanguage\":\"en-US\"},{\"@type\":\"Organization\",\"@id\":\"https:\/\/thaispanampang.ch\/#organization\",\"name\":\"thaispanampang\",\"url\":\"https:\/\/thaispanampang.ch\/\",\"logo\":{\"@type\":\"ImageObject\",\"inLanguage\":\"en-US\",\"@id\":\"https:\/\/thaispanampang.ch\/#\/schema\/logo\/image\/\",\"url\":\"https:\/\/thaispanampang.ch\/wp-content\/uploads\/2023\/07\/cropped-cropped-cropped-logo-lite-296x300-1-1.webp\",\"contentUrl\":\"https:\/\/thaispanampang.ch\/wp-content\/uploads\/2023\/07\/cropped-cropped-cropped-logo-lite-296x300-1-1.webp\",\"width\":296,\"height\":300,\"caption\":\"thaispanampang\"},\"image\":{\"@id\":\"https:\/\/thaispanampang.ch\/#\/schema\/logo\/image\/\"}}]}<\/script>\n<!-- \/ Yoast SEO plugin. -->","yoast_head_json":{"title":"Traditionelle Thai Massage thaispanampang","description":"Traditional Thai Massage Diese thail\u00e4ndische Massage bearbeitet durch Finger- und Handfl\u00e4chendruckdie Energiebahnen des K\u00f6rpers, auch \u201eSEN\u201c Linien","robots":{"index":"index","follow":"follow","max-snippet":"max-snippet:-1","max-image-preview":"max-image-preview:large","max-video-preview":"max-video-preview:-1"},"canonical":"https:\/\/thaispanampang.ch\/en\/traditional-thai-massage\/","og_locale":"en_US","og_type":"article","og_title":"Traditionelle Thai Massage thaispanampang","og_description":"Traditional Thai Massage Diese thail\u00e4ndische Massage bearbeitet durch Finger- und Handfl\u00e4chendruckdie Energiebahnen des K\u00f6rpers, auch \u201eSEN\u201c Linien","og_url":"https:\/\/thaispanampang.ch\/en\/traditional-thai-massage\/","og_site_name":"thaispanampang","article_modified_time":"2024-02-29T19:35:28+00:00","og_image":[{"url":"https:\/\/thaispanampang.ch\/wp-content\/uploads\/2024\/02\/original-tai-copia-794x1024.webp","type":"","width":"","height":""}],"twitter_card":"summary_large_image","twitter_misc":{"Est. reading time":"1 minute"},"schema":{"@context":"https:\/\/schema.org","@graph":[{"@type":"WebPage","@id":"https:\/\/thaispanampang.ch\/traditional-thai-massage\/","url":"https:\/\/thaispanampang.ch\/traditional-thai-massage\/","name":"Traditionelle Thai Massage thaispanampang","isPartOf":{"@id":"https:\/\/thaispanampang.ch\/#website"},"primaryImageOfPage":{"@id":"https:\/\/thaispanampang.ch\/traditional-thai-massage\/#primaryimage"},"image":{"@id":"https:\/\/thaispanampang.ch\/traditional-thai-massage\/#primaryimage"},"thumbnailUrl":"https:\/\/thaispanampang.ch\/wp-content\/uploads\/2024\/02\/original-tai-copia-794x1024.webp","datePublished":"2023-07-12T20:56:01+00:00","dateModified":"2024-02-29T19:35:28+00:00","description":"Traditional Thai Massage Diese thail\u00e4ndische Massage bearbeitet durch Finger- und Handfl\u00e4chendruckdie Energiebahnen des K\u00f6rpers, auch \u201eSEN\u201c Linien","breadcrumb":{"@id":"https:\/\/thaispanampang.ch\/traditional-thai-massage\/#breadcrumb"},"inLanguage":"en-US","potentialAction":[{"@type":"ReadAction","target":["https:\/\/thaispanampang.ch\/traditional-thai-massage\/"]}]},{"@type":"ImageObject","inLanguage":"en-US","@id":"https:\/\/thaispanampang.ch\/traditional-thai-massage\/#primaryimage","url":"https:\/\/thaispanampang.ch\/wp-content\/uploads\/2024\/02\/original-tai-copia-794x1024.webp","contentUrl":"https:\/\/thaispanampang.ch\/wp-content\/uploads\/2024\/02\/original-tai-copia-794x1024.webp"},{"@type":"BreadcrumbList","@id":"https:\/\/thaispanampang.ch\/traditional-thai-massage\/#breadcrumb","itemListElement":[{"@type":"ListItem","position":1,"name":"Inicio","item":"https:\/\/thaispanampang.ch\/"},{"@type":"ListItem","position":2,"name":"Traditionelle Thai Massage"}]},{"@type":"WebSite","@id":"https:\/\/thaispanampang.ch\/#website","url":"https:\/\/thaispanampang.ch\/","name":"thaispanampang","description":"Spa und Massage","publisher":{"@id":"https:\/\/thaispanampang.ch\/#organization"},"potentialAction":[{"@type":"SearchAction","target":{"@type":"EntryPoint","urlTemplate":"https:\/\/thaispanampang.ch\/?s={search_term_string}"},"query-input":{"@type":"PropertyValueSpecification","valueRequired":true,"valueName":"search_term_string"}}],"inLanguage":"en-US"},{"@type":"Organization","@id":"https:\/\/thaispanampang.ch\/#organization","name":"thaispanampang","url":"https:\/\/thaispanampang.ch\/","logo":{"@type":"ImageObject","inLanguage":"en-US","@id":"https:\/\/thaispanampang.ch\/#\/schema\/logo\/image\/","url":"https:\/\/thaispanampang.ch\/wp-content\/uploads\/2023\/07\/cropped-cropped-cropped-logo-lite-296x300-1-1.webp","contentUrl":"https:\/\/thaispanampang.ch\/wp-content\/uploads\/2023\/07\/cropped-cropped-cropped-logo-lite-296x300-1-1.webp","width":296,"height":300,"caption":"thaispanampang"},"image":{"@id":"https:\/\/thaispanampang.ch\/#\/schema\/logo\/image\/"}}]}},"_links":{"self":[{"href":"https:\/\/thaispanampang.ch\/en\/wp-json\/wp\/v2\/pages\/780","targetHints":{"allow":["GET"]}}],"collection":[{"href":"https:\/\/thaispanampang.ch\/en\/wp-json\/wp\/v2\/pages"}],"about":[{"href":"https:\/\/thaispanampang.ch\/en\/wp-json\/wp\/v2\/types\/page"}],"author":[{"embeddable":true,"href":"https:\/\/thaispanampang.ch\/en\/wp-json\/wp\/v2\/users\/1"}],"replies":[{"embeddable":true,"href":"https:\/\/thaispanampang.ch\/en\/wp-json\/wp\/v2\/comments?post=780"}],"version-history":[{"count":73,"href":"https:\/\/thaispanampang.ch\/en\/wp-json\/wp\/v2\/pages\/780\/revisions"}],"predecessor-version":[{"id":1571,"href":"https:\/\/thaispanampang.ch\/en\/wp-json\/wp\/v2\/pages\/780\/revisions\/1571"}],"wp:attachment":[{"href":"https:\/\/thaispanampang.ch\/en\/wp-json\/wp\/v2\/media?parent=780"}],"curies":[{"name":"wp","href":"https:\/\/api.w.org\/{rel}","templated":true}]}}