{"id":773,"date":"2023-07-12T15:54:16","date_gmt":"2023-07-12T20:54:16","guid":{"rendered":"https:\/\/thaispanampang.ch\/?page_id=773"},"modified":"2024-02-29T11:59:15","modified_gmt":"2024-02-29T16:59:15","slug":"agb","status":"publish","type":"page","link":"https:\/\/thaispanampang.ch\/en\/agb\/","title":{"rendered":"CONDITIONS"},"content":{"rendered":"<div data-elementor-type=\"wp-page\" data-elementor-id=\"773\" class=\"elementor elementor-773\" data-elementor-post-type=\"page\">\n\t\t\t\t\t\t<section class=\"elementor-section elementor-top-section elementor-element elementor-element-ad7f95c elementor-section-full_width elementor-section-height-default elementor-section-height-default\" data-id=\"ad7f95c\" data-element_type=\"section\" data-e-type=\"section\" data-settings=\"{&quot;background_background&quot;:&quot;classic&quot;}\">\n\t\t\t\t\t\t<div class=\"elementor-container elementor-column-gap-no\">\n\t\t\t\t\t<div class=\"elementor-column elementor-col-100 elementor-top-column elementor-element elementor-element-ef6891a\" data-id=\"ef6891a\" data-element_type=\"column\" data-e-type=\"column\">\n\t\t\t<div class=\"elementor-widget-wrap elementor-element-populated\">\n\t\t\t\t\t\t<div class=\"elementor-element elementor-element-0358f88 elementor-widget-divider--view-line elementor-widget elementor-widget-divider\" data-id=\"0358f88\" data-element_type=\"widget\" data-e-type=\"widget\" data-widget_type=\"divider.default\">\n\t\t\t\t<div class=\"elementor-widget-container\">\n\t\t\t\t\t\t\t<div class=\"elementor-divider\">\n\t\t\t<span class=\"elementor-divider-separator\">\n\t\t\t\t\t\t<\/span>\n\t\t<\/div>\n\t\t\t\t\t\t<\/div>\n\t\t\t\t<\/div>\n\t\t\t\t<div class=\"elementor-element elementor-element-02ed1bd elementor-widget elementor-widget-heading\" data-id=\"02ed1bd\" data-element_type=\"widget\" data-e-type=\"widget\" data-widget_type=\"heading.default\">\n\t\t\t\t<div class=\"elementor-widget-container\">\n\t\t\t\t\t<h2 class=\"elementor-heading-title elementor-size-default\">CONDITIONS<\/h2>\t\t\t\t<\/div>\n\t\t\t\t<\/div>\n\t\t\t\t\t<\/div>\n\t\t<\/div>\n\t\t\t\t\t<\/div>\n\t\t<\/section>\n\t\t\t\t<section class=\"elementor-section elementor-top-section elementor-element elementor-element-4ff4789 elementor-section-boxed elementor-section-height-default elementor-section-height-default\" data-id=\"4ff4789\" data-element_type=\"section\" data-e-type=\"section\">\n\t\t\t\t\t\t<div class=\"elementor-container elementor-column-gap-default\">\n\t\t\t\t\t<div class=\"elementor-column elementor-col-16 elementor-top-column elementor-element elementor-element-1b5962a\" data-id=\"1b5962a\" data-element_type=\"column\" data-e-type=\"column\">\n\t\t\t<div class=\"elementor-widget-wrap\">\n\t\t\t\t\t\t\t<\/div>\n\t\t<\/div>\n\t\t\t\t<div class=\"elementor-column elementor-col-66 elementor-top-column elementor-element elementor-element-186c46e\" data-id=\"186c46e\" data-element_type=\"column\" data-e-type=\"column\">\n\t\t\t<div class=\"elementor-widget-wrap elementor-element-populated\">\n\t\t\t\t\t\t<div class=\"elementor-element elementor-element-7448ff0 elementor-widget elementor-widget-text-editor\" data-id=\"7448ff0\" data-element_type=\"widget\" data-e-type=\"widget\" data-widget_type=\"text-editor.default\">\n\t\t\t\t<div class=\"elementor-widget-container\">\n\t\t\t\t\t\t\t\t\t<ol><li>Scope of application<\/li><\/ol><p>These terms and conditions apply to the use of all offers by Carlos Delasera, both in practice rooms and at other locations. Each client can view the Terms and Conditions on the website. These are therefore part of all verbal and written contracts.<\/p><ol start=\"2\"><li>General requirements for participation in the treatments<\/li><\/ol><p>The therapist cannot promise a cure and recommends that you remain under medical supervision. The therapist does not make a diagnosis in the medical sense. Before each treatment, the client declares that he is physically able to do so. In case of doubt, a medical examination is necessary. Any changes in health or pregnancy must be reported to the therapist prior to treatment. Every customer takes part in the treatments at their own risk and responsibility.<\/p><ol start=\"3\"><li>Personal Data<\/li><\/ol><p>Clients are advised that personal data is stored electronically for internal processing purposes. These will be treated as strictly confidential in accordance with Article 13 of the Data Protection Act and will not be passed on to any unauthorized third parties. To this extent, the client agrees to the processing and use of his personal data.<\/p><ol start=\"4\"><li>Liability<\/li><\/ol><p>The use of the premises and materials is at your own risk. The therapist is not liable for damage to health or property. Carlos Delasera disclaims any liability for injuries and discomfort, but also for damage to property and theft.<\/p><ol start=\"5\"><li>Subscription &amp; Payment<\/li><\/ol><p>Registrations for all offers are legally valid with our confirmation. The prices can be found on the website. Subscription customers undertake to use this up within 12 months and there will be no reimbursement. Absences of short or long duration (illness \/ accident \/ training \/ stays abroad \/ work) are excluded. Subscription fees are paid at the beginning of the subscription. A yoga subscription is personal and non-transferrable.<\/p><ol start=\"6\"><li>Cancellation Conditions<\/li><\/ol><p>Cancellation is made at least 24 hours in advance.<\/p><ol start=\"7\"><li>Health insurance \/ supplementary insurance<\/li><\/ol><p>It is up to the client to clarify whether their health insurance\/additional insurance covers the costs of the treatments.<\/p><ol start=\"8\"><li>changes<\/li><\/ol><p>Carlos Delasera reserves the right to modify the prices shown on this page, as well as modifying this policy to adapt it to new laws or jurisprudence, as well as to industry practices. In such cases, the provider will announce the changes introduced on this page with reasonable anticipation of their implementation.\u00a0<\/p>\t\t\t\t\t\t\t\t<\/div>\n\t\t\t\t<\/div>\n\t\t\t\t\t<\/div>\n\t\t<\/div>\n\t\t\t\t<div class=\"elementor-column elementor-col-16 elementor-top-column elementor-element elementor-element-4deba8f\" data-id=\"4deba8f\" data-element_type=\"column\" data-e-type=\"column\">\n\t\t\t<div class=\"elementor-widget-wrap\">\n\t\t\t\t\t\t\t<\/div>\n\t\t<\/div>\n\t\t\t\t\t<\/div>\n\t\t<\/section>\n\t\t\t\t<\/div>","protected":false},"excerpt":{"rendered":"<p>AGB Anwendungsbereich Diese AGB gelten bei Inanspruchnahme s\u00e4mtlicher Angebote von Carlos Delasera, sowohl in Praxisr\u00e4umen als auch an anderen Orten. Jeder Klient kann die AGB auf der Webseite einsehen. Diese sind somit Bestandteil aller m\u00fcndlichen und schriftlichen Vertr\u00e4ge. Allgemeine Voraussetzungen f\u00fcr die Teilnahme an den Behandlungen Der Therapeut kann keine Heilung versprechen und empfiehlt Ihnen [&hellip;]<\/p>\n","protected":false},"author":1,"featured_media":0,"parent":0,"menu_order":0,"comment_status":"closed","ping_status":"closed","template":"","meta":{"_monsterinsights_skip_tracking":false,"_monsterinsights_sitenote_active":false,"_monsterinsights_sitenote_note":"","_monsterinsights_sitenote_category":0,"site-sidebar-layout":"no-sidebar","site-content-layout":"page-builder","ast-site-content-layout":"default","site-content-style":"default","site-sidebar-style":"default","ast-global-header-display":"","ast-banner-title-visibility":"","ast-main-header-display":"","ast-hfb-above-header-display":"","ast-hfb-below-header-display":"","ast-hfb-mobile-header-display":"","site-post-title":"disabled","ast-breadcrumbs-content":"","ast-featured-img":"disabled","footer-sml-layout":"","ast-disable-related-posts":"","theme-transparent-header-meta":"","adv-header-id-meta":"","stick-header-meta":"","header-above-stick-meta":"","header-main-stick-meta":"","header-below-stick-meta":"","astra-migrate-meta-layouts":"default","ast-page-background-enabled":"default","ast-page-background-meta":{"desktop":{"background-color":"var(--ast-global-color-4)","background-image":"","background-repeat":"repeat","background-position":"center center","background-size":"auto","background-attachment":"scroll","background-type":"","background-media":"","overlay-type":"","overlay-color":"","overlay-opacity":"","overlay-gradient":""},"tablet":{"background-color":"","background-image":"","background-repeat":"repeat","background-position":"center center","background-size":"auto","background-attachment":"scroll","background-type":"","background-media":"","overlay-type":"","overlay-color":"","overlay-opacity":"","overlay-gradient":""},"mobile":{"background-color":"","background-image":"","background-repeat":"repeat","background-position":"center center","background-size":"auto","background-attachment":"scroll","background-type":"","background-media":"","overlay-type":"","overlay-color":"","overlay-opacity":"","overlay-gradient":""}},"ast-content-background-meta":{"desktop":{"background-color":"var(--ast-global-color-5)","background-image":"","background-repeat":"repeat","background-position":"center center","background-size":"auto","background-attachment":"scroll","background-type":"","background-media":"","overlay-type":"","overlay-color":"","overlay-opacity":"","overlay-gradient":""},"tablet":{"background-color":"var(--ast-global-color-5)","background-image":"","background-repeat":"repeat","background-position":"center center","background-size":"auto","background-attachment":"scroll","background-type":"","background-media":"","overlay-type":"","overlay-color":"","overlay-opacity":"","overlay-gradient":""},"mobile":{"background-color":"var(--ast-global-color-5)","background-image":"","background-repeat":"repeat","background-position":"center center","background-size":"auto","background-attachment":"scroll","background-type":"","background-media":"","overlay-type":"","overlay-color":"","overlay-opacity":"","overlay-gradient":""}},"footnotes":""},"class_list":["post-773","page","type-page","status-publish","hentry"],"yoast_head":"<!-- This site is optimized with the Yoast SEO plugin v27.2 - https:\/\/yoast.com\/product\/yoast-seo-wordpress\/ -->\n<title>AGB thaispanampang<\/title>\n<meta name=\"description\" content=\"AGB AnwendungsbereichDiese AGB gelten bei Inanspruchnahme s\u00e4mtlicher Angebote von Carlos Delasera, sowohl in Praxisr\u00e4umen als auch an anderen Orten. Jeder\" \/>\n<meta name=\"robots\" content=\"noindex, nofollow\" \/>\n<meta property=\"og:locale\" content=\"en_US\" \/>\n<meta property=\"og:type\" content=\"article\" \/>\n<meta property=\"og:title\" content=\"AGB thaispanampang\" \/>\n<meta property=\"og:description\" content=\"AGB AnwendungsbereichDiese AGB gelten bei Inanspruchnahme s\u00e4mtlicher Angebote von Carlos Delasera, sowohl in Praxisr\u00e4umen als auch an anderen Orten. Jeder\" \/>\n<meta property=\"og:url\" content=\"https:\/\/thaispanampang.ch\/en\/agb\/\" \/>\n<meta property=\"og:site_name\" content=\"thaispanampang\" \/>\n<meta property=\"article:modified_time\" content=\"2024-02-29T16:59:15+00:00\" \/>\n<meta name=\"twitter:card\" content=\"summary_large_image\" \/>\n<meta name=\"twitter:label1\" content=\"Est. reading time\" \/>\n\t<meta name=\"twitter:data1\" content=\"2 minutes\" \/>\n<script type=\"application\/ld+json\" class=\"yoast-schema-graph\">{\"@context\":\"https:\/\/schema.org\",\"@graph\":[{\"@type\":\"WebPage\",\"@id\":\"https:\/\/thaispanampang.ch\/agb\/\",\"url\":\"https:\/\/thaispanampang.ch\/agb\/\",\"name\":\"AGB thaispanampang\",\"isPartOf\":{\"@id\":\"https:\/\/thaispanampang.ch\/#website\"},\"datePublished\":\"2023-07-12T20:54:16+00:00\",\"dateModified\":\"2024-02-29T16:59:15+00:00\",\"description\":\"AGB AnwendungsbereichDiese AGB gelten bei Inanspruchnahme s\u00e4mtlicher Angebote von Carlos Delasera, sowohl in Praxisr\u00e4umen als auch an anderen Orten. Jeder\",\"breadcrumb\":{\"@id\":\"https:\/\/thaispanampang.ch\/agb\/#breadcrumb\"},\"inLanguage\":\"en-US\",\"potentialAction\":[{\"@type\":\"ReadAction\",\"target\":[\"https:\/\/thaispanampang.ch\/agb\/\"]}]},{\"@type\":\"BreadcrumbList\",\"@id\":\"https:\/\/thaispanampang.ch\/agb\/#breadcrumb\",\"itemListElement\":[{\"@type\":\"ListItem\",\"position\":1,\"name\":\"Inicio\",\"item\":\"https:\/\/thaispanampang.ch\/\"},{\"@type\":\"ListItem\",\"position\":2,\"name\":\"AGB\"}]},{\"@type\":\"WebSite\",\"@id\":\"https:\/\/thaispanampang.ch\/#website\",\"url\":\"https:\/\/thaispanampang.ch\/\",\"name\":\"thaispanampang\",\"description\":\"Spa und Massage\",\"publisher\":{\"@id\":\"https:\/\/thaispanampang.ch\/#organization\"},\"potentialAction\":[{\"@type\":\"SearchAction\",\"target\":{\"@type\":\"EntryPoint\",\"urlTemplate\":\"https:\/\/thaispanampang.ch\/?s={search_term_string}\"},\"query-input\":{\"@type\":\"PropertyValueSpecification\",\"valueRequired\":true,\"valueName\":\"search_term_string\"}}],\"inLanguage\":\"en-US\"},{\"@type\":\"Organization\",\"@id\":\"https:\/\/thaispanampang.ch\/#organization\",\"name\":\"thaispanampang\",\"url\":\"https:\/\/thaispanampang.ch\/\",\"logo\":{\"@type\":\"ImageObject\",\"inLanguage\":\"en-US\",\"@id\":\"https:\/\/thaispanampang.ch\/#\/schema\/logo\/image\/\",\"url\":\"https:\/\/thaispanampang.ch\/wp-content\/uploads\/2023\/07\/cropped-cropped-cropped-logo-lite-296x300-1-1.webp\",\"contentUrl\":\"https:\/\/thaispanampang.ch\/wp-content\/uploads\/2023\/07\/cropped-cropped-cropped-logo-lite-296x300-1-1.webp\",\"width\":296,\"height\":300,\"caption\":\"thaispanampang\"},\"image\":{\"@id\":\"https:\/\/thaispanampang.ch\/#\/schema\/logo\/image\/\"}}]}<\/script>\n<!-- \/ Yoast SEO plugin. -->","yoast_head_json":{"title":"AGB thaispanampang","description":"AGB AnwendungsbereichDiese AGB gelten bei Inanspruchnahme s\u00e4mtlicher Angebote von Carlos Delasera, sowohl in Praxisr\u00e4umen als auch an anderen Orten. Jeder","robots":{"index":"noindex","follow":"nofollow"},"og_locale":"en_US","og_type":"article","og_title":"AGB thaispanampang","og_description":"AGB AnwendungsbereichDiese AGB gelten bei Inanspruchnahme s\u00e4mtlicher Angebote von Carlos Delasera, sowohl in Praxisr\u00e4umen als auch an anderen Orten. Jeder","og_url":"https:\/\/thaispanampang.ch\/en\/agb\/","og_site_name":"thaispanampang","article_modified_time":"2024-02-29T16:59:15+00:00","twitter_card":"summary_large_image","twitter_misc":{"Est. reading time":"2 minutes"},"schema":{"@context":"https:\/\/schema.org","@graph":[{"@type":"WebPage","@id":"https:\/\/thaispanampang.ch\/agb\/","url":"https:\/\/thaispanampang.ch\/agb\/","name":"AGB thaispanampang","isPartOf":{"@id":"https:\/\/thaispanampang.ch\/#website"},"datePublished":"2023-07-12T20:54:16+00:00","dateModified":"2024-02-29T16:59:15+00:00","description":"AGB AnwendungsbereichDiese AGB gelten bei Inanspruchnahme s\u00e4mtlicher Angebote von Carlos Delasera, sowohl in Praxisr\u00e4umen als auch an anderen Orten. Jeder","breadcrumb":{"@id":"https:\/\/thaispanampang.ch\/agb\/#breadcrumb"},"inLanguage":"en-US","potentialAction":[{"@type":"ReadAction","target":["https:\/\/thaispanampang.ch\/agb\/"]}]},{"@type":"BreadcrumbList","@id":"https:\/\/thaispanampang.ch\/agb\/#breadcrumb","itemListElement":[{"@type":"ListItem","position":1,"name":"Inicio","item":"https:\/\/thaispanampang.ch\/"},{"@type":"ListItem","position":2,"name":"AGB"}]},{"@type":"WebSite","@id":"https:\/\/thaispanampang.ch\/#website","url":"https:\/\/thaispanampang.ch\/","name":"thaispanampang","description":"Spa und Massage","publisher":{"@id":"https:\/\/thaispanampang.ch\/#organization"},"potentialAction":[{"@type":"SearchAction","target":{"@type":"EntryPoint","urlTemplate":"https:\/\/thaispanampang.ch\/?s={search_term_string}"},"query-input":{"@type":"PropertyValueSpecification","valueRequired":true,"valueName":"search_term_string"}}],"inLanguage":"en-US"},{"@type":"Organization","@id":"https:\/\/thaispanampang.ch\/#organization","name":"thaispanampang","url":"https:\/\/thaispanampang.ch\/","logo":{"@type":"ImageObject","inLanguage":"en-US","@id":"https:\/\/thaispanampang.ch\/#\/schema\/logo\/image\/","url":"https:\/\/thaispanampang.ch\/wp-content\/uploads\/2023\/07\/cropped-cropped-cropped-logo-lite-296x300-1-1.webp","contentUrl":"https:\/\/thaispanampang.ch\/wp-content\/uploads\/2023\/07\/cropped-cropped-cropped-logo-lite-296x300-1-1.webp","width":296,"height":300,"caption":"thaispanampang"},"image":{"@id":"https:\/\/thaispanampang.ch\/#\/schema\/logo\/image\/"}}]}},"_links":{"self":[{"href":"https:\/\/thaispanampang.ch\/en\/wp-json\/wp\/v2\/pages\/773","targetHints":{"allow":["GET"]}}],"collection":[{"href":"https:\/\/thaispanampang.ch\/en\/wp-json\/wp\/v2\/pages"}],"about":[{"href":"https:\/\/thaispanampang.ch\/en\/wp-json\/wp\/v2\/types\/page"}],"author":[{"embeddable":true,"href":"https:\/\/thaispanampang.ch\/en\/wp-json\/wp\/v2\/users\/1"}],"replies":[{"embeddable":true,"href":"https:\/\/thaispanampang.ch\/en\/wp-json\/wp\/v2\/comments?post=773"}],"version-history":[{"count":25,"href":"https:\/\/thaispanampang.ch\/en\/wp-json\/wp\/v2\/pages\/773\/revisions"}],"predecessor-version":[{"id":1557,"href":"https:\/\/thaispanampang.ch\/en\/wp-json\/wp\/v2\/pages\/773\/revisions\/1557"}],"wp:attachment":[{"href":"https:\/\/thaispanampang.ch\/en\/wp-json\/wp\/v2\/media?parent=773"}],"curies":[{"name":"wp","href":"https:\/\/api.w.org\/{rel}","templated":true}]}}