{"id":1466,"date":"2024-02-27T07:11:47","date_gmt":"2024-02-27T12:11:47","guid":{"rendered":"https:\/\/thaispanampang.ch\/?page_id=1466"},"modified":"2024-02-29T14:47:28","modified_gmt":"2024-02-29T19:47:28","slug":"massage-a-la-carte","status":"publish","type":"page","link":"https:\/\/thaispanampang.ch\/en\/massage-a-la-carte\/","title":{"rendered":"Massage \u00e0 la carte"},"content":{"rendered":"<div data-elementor-type=\"wp-page\" data-elementor-id=\"1466\" class=\"elementor elementor-1466\" data-elementor-post-type=\"page\">\n\t\t\t\t\t\t<section class=\"elementor-section elementor-top-section elementor-element elementor-element-2ee15571 elementor-section-boxed elementor-section-height-default elementor-section-height-default\" data-id=\"2ee15571\" data-element_type=\"section\" data-e-type=\"section\">\n\t\t\t\t\t\t<div class=\"elementor-container elementor-column-gap-default\">\n\t\t\t\t\t<div class=\"elementor-column elementor-col-100 elementor-top-column elementor-element elementor-element-5cad7dac\" data-id=\"5cad7dac\" data-element_type=\"column\" data-e-type=\"column\">\n\t\t\t<div class=\"elementor-widget-wrap\">\n\t\t\t\t\t\t\t<\/div>\n\t\t<\/div>\n\t\t\t\t\t<\/div>\n\t\t<\/section>\n\t\t\t\t<section class=\"elementor-section elementor-top-section elementor-element elementor-element-6c03eb04 elementor-section-boxed elementor-section-height-default elementor-section-height-default\" data-id=\"6c03eb04\" data-element_type=\"section\" data-e-type=\"section\">\n\t\t\t\t\t\t<div class=\"elementor-container elementor-column-gap-default\">\n\t\t\t\t\t<div class=\"elementor-column elementor-col-100 elementor-top-column elementor-element elementor-element-5d43deeb\" data-id=\"5d43deeb\" data-element_type=\"column\" data-e-type=\"column\">\n\t\t\t<div class=\"elementor-widget-wrap elementor-element-populated\">\n\t\t\t\t\t\t<div class=\"elementor-element elementor-element-1a847ec3 elementor-widget elementor-widget-heading\" data-id=\"1a847ec3\" data-element_type=\"widget\" data-e-type=\"widget\" data-widget_type=\"heading.default\">\n\t\t\t\t<div class=\"elementor-widget-container\">\n\t\t\t\t\t<h2 class=\"elementor-heading-title elementor-size-default\">Massage \u00e0 la carte<\/h2>\t\t\t\t<\/div>\n\t\t\t\t<\/div>\n\t\t\t\t<div class=\"elementor-element elementor-element-24367b63 elementor-widget-divider--view-line elementor-widget elementor-widget-divider\" data-id=\"24367b63\" data-element_type=\"widget\" data-e-type=\"widget\" data-widget_type=\"divider.default\">\n\t\t\t\t<div class=\"elementor-widget-container\">\n\t\t\t\t\t\t\t<div class=\"elementor-divider\">\n\t\t\t<span class=\"elementor-divider-separator\">\n\t\t\t\t\t\t<\/span>\n\t\t<\/div>\n\t\t\t\t\t\t<\/div>\n\t\t\t\t<\/div>\n\t\t\t\t\t<\/div>\n\t\t<\/div>\n\t\t\t\t\t<\/div>\n\t\t<\/section>\n\t\t\t\t<section class=\"elementor-section elementor-top-section elementor-element elementor-element-b75c4e1 elementor-section-boxed elementor-section-height-default elementor-section-height-default\" data-id=\"b75c4e1\" data-element_type=\"section\" data-e-type=\"section\">\n\t\t\t\t\t\t<div class=\"elementor-container elementor-column-gap-default\">\n\t\t\t\t\t<div class=\"elementor-column elementor-col-33 elementor-top-column elementor-element elementor-element-7cb83682\" data-id=\"7cb83682\" data-element_type=\"column\" data-e-type=\"column\">\n\t\t\t<div class=\"elementor-widget-wrap elementor-element-populated\">\n\t\t\t\t\t\t<div class=\"elementor-element elementor-element-ba45b13 elementor-widget elementor-widget-image\" data-id=\"ba45b13\" data-element_type=\"widget\" data-e-type=\"widget\" data-widget_type=\"image.default\">\n\t\t\t\t<div class=\"elementor-widget-container\">\n\t\t\t\t\t\t\t\t\t\t\t\t\t\t\t<img fetchpriority=\"high\" decoding=\"async\" width=\"648\" height=\"428\" src=\"https:\/\/thaispanampang.ch\/wp-content\/uploads\/2024\/02\/masaje_carta-tai.webp\" class=\"attachment-large size-large wp-image-1470\" alt=\"masaje carta tai\" srcset=\"https:\/\/thaispanampang.ch\/wp-content\/uploads\/2024\/02\/masaje_carta-tai.webp 648w, https:\/\/thaispanampang.ch\/wp-content\/uploads\/2024\/02\/masaje_carta-tai-300x198.webp 300w\" sizes=\"(max-width: 648px) 100vw, 648px\" \/>\t\t\t\t\t\t\t\t\t\t\t\t\t\t\t<\/div>\n\t\t\t\t<\/div>\n\t\t\t\t\t<\/div>\n\t\t<\/div>\n\t\t\t\t<div class=\"elementor-column elementor-col-66 elementor-top-column elementor-element elementor-element-30dd464e\" data-id=\"30dd464e\" data-element_type=\"column\" data-e-type=\"column\">\n\t\t\t<div class=\"elementor-widget-wrap elementor-element-populated\">\n\t\t\t\t\t\t<div class=\"elementor-element elementor-element-16e1f09a elementor-widget elementor-widget-spacer\" data-id=\"16e1f09a\" data-element_type=\"widget\" data-e-type=\"widget\" data-widget_type=\"spacer.default\">\n\t\t\t\t<div class=\"elementor-widget-container\">\n\t\t\t\t\t\t\t<div class=\"elementor-spacer\">\n\t\t\t<div class=\"elementor-spacer-inner\"><\/div>\n\t\t<\/div>\n\t\t\t\t\t\t<\/div>\n\t\t\t\t<\/div>\n\t\t\t\t<div class=\"elementor-element elementor-element-4f69bc91 elementor-widget__width-initial elementor-widget elementor-widget-text-editor\" data-id=\"4f69bc91\" data-element_type=\"widget\" data-e-type=\"widget\" data-widget_type=\"text-editor.default\">\n\t\t\t\t<div class=\"elementor-widget-container\">\n\t\t\t\t\t\t\t\t\t<p>We adapt to your preferences or limitations according to your priorities and tell us to make you this massage because each person has specific needs we adapt to you.<\/p>\t\t\t\t\t\t\t\t<\/div>\n\t\t\t\t<\/div>\n\t\t\t\t<div class=\"elementor-element elementor-element-1feb1e6a elementor-widget elementor-widget-heading\" data-id=\"1feb1e6a\" data-element_type=\"widget\" data-e-type=\"widget\" data-widget_type=\"heading.default\">\n\t\t\t\t<div class=\"elementor-widget-container\">\n\t\t\t\t\t<h2 class=\"elementor-heading-title elementor-size-default\">60 min 100 Fr. We accept debit and credit cards<\/h2>\t\t\t\t<\/div>\n\t\t\t\t<\/div>\n\t\t\t\t\t<\/div>\n\t\t<\/div>\n\t\t\t\t\t<\/div>\n\t\t<\/section>\n\t\t\t\t<section class=\"elementor-section elementor-top-section elementor-element elementor-element-36fc9ae6 elementor-section-boxed elementor-section-height-default elementor-section-height-default\" data-id=\"36fc9ae6\" data-element_type=\"section\" data-e-type=\"section\">\n\t\t\t\t\t\t<div class=\"elementor-container elementor-column-gap-default\">\n\t\t\t\t\t<div class=\"elementor-column elementor-col-100 elementor-top-column elementor-element elementor-element-5f46a24b\" data-id=\"5f46a24b\" data-element_type=\"column\" data-e-type=\"column\">\n\t\t\t<div class=\"elementor-widget-wrap\">\n\t\t\t\t\t\t\t<\/div>\n\t\t<\/div>\n\t\t\t\t\t<\/div>\n\t\t<\/section>\n\t\t\t\t<\/div>","protected":false},"excerpt":{"rendered":"<p>Personalisierte Massagen Gerne\u00a0passen wir uns auch an Ihre W\u00fcnsche oder Einschr\u00e4nkungen, zugeschnitten auf Ihren Priorit\u00e4ten, an.\u00a0Hierzu kontaktieren Sie uns bitte, da jede Person ihre eigenen speziellen Bed\u00fcrfnisse hat. Wir\u00a0stellen uns gerne auf Ihre W\u00fcnsche\u00a0ein! 60 min 100 Fr. Wir akzeptieren Debit- und Kreditkartenzahlungen<\/p>","protected":false},"author":1,"featured_media":0,"parent":0,"menu_order":0,"comment_status":"closed","ping_status":"closed","template":"","meta":{"_monsterinsights_skip_tracking":false,"_monsterinsights_sitenote_active":false,"_monsterinsights_sitenote_note":"","_monsterinsights_sitenote_category":0,"site-sidebar-layout":"no-sidebar","site-content-layout":"page-builder","ast-site-content-layout":"default","site-content-style":"default","site-sidebar-style":"default","ast-global-header-display":"","ast-banner-title-visibility":"","ast-main-header-display":"","ast-hfb-above-header-display":"","ast-hfb-below-header-display":"","ast-hfb-mobile-header-display":"","site-post-title":"disabled","ast-breadcrumbs-content":"","ast-featured-img":"disabled","footer-sml-layout":"","ast-disable-related-posts":"","theme-transparent-header-meta":"","adv-header-id-meta":"","stick-header-meta":"","header-above-stick-meta":"","header-main-stick-meta":"","header-below-stick-meta":"","astra-migrate-meta-layouts":"default","ast-page-background-enabled":"default","ast-page-background-meta":{"desktop":{"background-color":"var(--ast-global-color-4)","background-image":"","background-repeat":"repeat","background-position":"center center","background-size":"auto","background-attachment":"scroll","background-type":"","background-media":"","overlay-type":"","overlay-color":"","overlay-opacity":"","overlay-gradient":""},"tablet":{"background-color":"","background-image":"","background-repeat":"repeat","background-position":"center center","background-size":"auto","background-attachment":"scroll","background-type":"","background-media":"","overlay-type":"","overlay-color":"","overlay-opacity":"","overlay-gradient":""},"mobile":{"background-color":"","background-image":"","background-repeat":"repeat","background-position":"center center","background-size":"auto","background-attachment":"scroll","background-type":"","background-media":"","overlay-type":"","overlay-color":"","overlay-opacity":"","overlay-gradient":""}},"ast-content-background-meta":{"desktop":{"background-color":"var(--ast-global-color-5)","background-image":"","background-repeat":"repeat","background-position":"center center","background-size":"auto","background-attachment":"scroll","background-type":"","background-media":"","overlay-type":"","overlay-color":"","overlay-opacity":"","overlay-gradient":""},"tablet":{"background-color":"var(--ast-global-color-5)","background-image":"","background-repeat":"repeat","background-position":"center center","background-size":"auto","background-attachment":"scroll","background-type":"","background-media":"","overlay-type":"","overlay-color":"","overlay-opacity":"","overlay-gradient":""},"mobile":{"background-color":"var(--ast-global-color-5)","background-image":"","background-repeat":"repeat","background-position":"center center","background-size":"auto","background-attachment":"scroll","background-type":"","background-media":"","overlay-type":"","overlay-color":"","overlay-opacity":"","overlay-gradient":""}},"footnotes":""},"class_list":["post-1466","page","type-page","status-publish","hentry"],"yoast_head":"<!-- This site is optimized with the Yoast SEO plugin v27.2 - https:\/\/yoast.com\/product\/yoast-seo-wordpress\/ -->\n<title>Personalisierte Massagen thaispanampang<\/title>\n<meta name=\"description\" content=\"Personalisierte Massagen Gerne\u00a0passen wir uns auch an Ihre W\u00fcnsche oder Einschr\u00e4nkungen, zugeschnitten auf Ihren Priorit\u00e4ten, an.\u00a0Hierzu kontaktieren Sie\" \/>\n<meta name=\"robots\" content=\"index, follow, max-snippet:-1, max-image-preview:large, max-video-preview:-1\" \/>\n<link rel=\"canonical\" href=\"https:\/\/thaispanampang.ch\/en\/massage-a-la-carte\/\" \/>\n<meta property=\"og:locale\" content=\"en_US\" \/>\n<meta property=\"og:type\" content=\"article\" \/>\n<meta property=\"og:title\" content=\"Personalisierte Massagen thaispanampang\" \/>\n<meta property=\"og:description\" content=\"Personalisierte Massagen Gerne\u00a0passen wir uns auch an Ihre W\u00fcnsche oder Einschr\u00e4nkungen, zugeschnitten auf Ihren Priorit\u00e4ten, an.\u00a0Hierzu kontaktieren Sie\" \/>\n<meta property=\"og:url\" content=\"https:\/\/thaispanampang.ch\/en\/massage-a-la-carte\/\" \/>\n<meta property=\"og:site_name\" content=\"thaispanampang\" \/>\n<meta property=\"article:modified_time\" content=\"2024-02-29T19:47:28+00:00\" \/>\n<meta property=\"og:image\" content=\"https:\/\/thaispanampang.ch\/wp-content\/uploads\/2024\/02\/masaje_carta-tai.webp\" \/>\n<meta name=\"twitter:card\" content=\"summary_large_image\" \/>\n<meta name=\"twitter:label1\" content=\"Est. reading time\" \/>\n\t<meta name=\"twitter:data1\" content=\"1 minute\" \/>\n<script type=\"application\/ld+json\" class=\"yoast-schema-graph\">{\"@context\":\"https:\/\/schema.org\",\"@graph\":[{\"@type\":\"WebPage\",\"@id\":\"https:\/\/thaispanampang.ch\/massage-a-la-carte\/\",\"url\":\"https:\/\/thaispanampang.ch\/massage-a-la-carte\/\",\"name\":\"Personalisierte Massagen thaispanampang\",\"isPartOf\":{\"@id\":\"https:\/\/thaispanampang.ch\/#website\"},\"primaryImageOfPage\":{\"@id\":\"https:\/\/thaispanampang.ch\/massage-a-la-carte\/#primaryimage\"},\"image\":{\"@id\":\"https:\/\/thaispanampang.ch\/massage-a-la-carte\/#primaryimage\"},\"thumbnailUrl\":\"https:\/\/thaispanampang.ch\/wp-content\/uploads\/2024\/02\/masaje_carta-tai.webp\",\"datePublished\":\"2024-02-27T12:11:47+00:00\",\"dateModified\":\"2024-02-29T19:47:28+00:00\",\"description\":\"Personalisierte Massagen Gerne\u00a0passen wir uns auch an Ihre W\u00fcnsche oder Einschr\u00e4nkungen, zugeschnitten auf Ihren Priorit\u00e4ten, an.\u00a0Hierzu kontaktieren Sie\",\"breadcrumb\":{\"@id\":\"https:\/\/thaispanampang.ch\/massage-a-la-carte\/#breadcrumb\"},\"inLanguage\":\"en-US\",\"potentialAction\":[{\"@type\":\"ReadAction\",\"target\":[\"https:\/\/thaispanampang.ch\/massage-a-la-carte\/\"]}]},{\"@type\":\"ImageObject\",\"inLanguage\":\"en-US\",\"@id\":\"https:\/\/thaispanampang.ch\/massage-a-la-carte\/#primaryimage\",\"url\":\"https:\/\/thaispanampang.ch\/wp-content\/uploads\/2024\/02\/masaje_carta-tai.webp\",\"contentUrl\":\"https:\/\/thaispanampang.ch\/wp-content\/uploads\/2024\/02\/masaje_carta-tai.webp\"},{\"@type\":\"BreadcrumbList\",\"@id\":\"https:\/\/thaispanampang.ch\/massage-a-la-carte\/#breadcrumb\",\"itemListElement\":[{\"@type\":\"ListItem\",\"position\":1,\"name\":\"Inicio\",\"item\":\"https:\/\/thaispanampang.ch\/\"},{\"@type\":\"ListItem\",\"position\":2,\"name\":\"Personalisierte Massagen\"}]},{\"@type\":\"WebSite\",\"@id\":\"https:\/\/thaispanampang.ch\/#website\",\"url\":\"https:\/\/thaispanampang.ch\/\",\"name\":\"thaispanampang\",\"description\":\"Spa und Massage\",\"publisher\":{\"@id\":\"https:\/\/thaispanampang.ch\/#organization\"},\"potentialAction\":[{\"@type\":\"SearchAction\",\"target\":{\"@type\":\"EntryPoint\",\"urlTemplate\":\"https:\/\/thaispanampang.ch\/?s={search_term_string}\"},\"query-input\":{\"@type\":\"PropertyValueSpecification\",\"valueRequired\":true,\"valueName\":\"search_term_string\"}}],\"inLanguage\":\"en-US\"},{\"@type\":\"Organization\",\"@id\":\"https:\/\/thaispanampang.ch\/#organization\",\"name\":\"thaispanampang\",\"url\":\"https:\/\/thaispanampang.ch\/\",\"logo\":{\"@type\":\"ImageObject\",\"inLanguage\":\"en-US\",\"@id\":\"https:\/\/thaispanampang.ch\/#\/schema\/logo\/image\/\",\"url\":\"https:\/\/thaispanampang.ch\/wp-content\/uploads\/2023\/07\/cropped-cropped-cropped-logo-lite-296x300-1-1.webp\",\"contentUrl\":\"https:\/\/thaispanampang.ch\/wp-content\/uploads\/2023\/07\/cropped-cropped-cropped-logo-lite-296x300-1-1.webp\",\"width\":296,\"height\":300,\"caption\":\"thaispanampang\"},\"image\":{\"@id\":\"https:\/\/thaispanampang.ch\/#\/schema\/logo\/image\/\"}}]}<\/script>\n<!-- \/ Yoast SEO plugin. -->","yoast_head_json":{"title":"Personalisierte Massagen thaispanampang","description":"Personalisierte Massagen Gerne\u00a0passen wir uns auch an Ihre W\u00fcnsche oder Einschr\u00e4nkungen, zugeschnitten auf Ihren Priorit\u00e4ten, an.\u00a0Hierzu kontaktieren Sie","robots":{"index":"index","follow":"follow","max-snippet":"max-snippet:-1","max-image-preview":"max-image-preview:large","max-video-preview":"max-video-preview:-1"},"canonical":"https:\/\/thaispanampang.ch\/en\/massage-a-la-carte\/","og_locale":"en_US","og_type":"article","og_title":"Personalisierte Massagen thaispanampang","og_description":"Personalisierte Massagen Gerne\u00a0passen wir uns auch an Ihre W\u00fcnsche oder Einschr\u00e4nkungen, zugeschnitten auf Ihren Priorit\u00e4ten, an.\u00a0Hierzu kontaktieren Sie","og_url":"https:\/\/thaispanampang.ch\/en\/massage-a-la-carte\/","og_site_name":"thaispanampang","article_modified_time":"2024-02-29T19:47:28+00:00","og_image":[{"url":"https:\/\/thaispanampang.ch\/wp-content\/uploads\/2024\/02\/masaje_carta-tai.webp","type":"","width":"","height":""}],"twitter_card":"summary_large_image","twitter_misc":{"Est. reading time":"1 minute"},"schema":{"@context":"https:\/\/schema.org","@graph":[{"@type":"WebPage","@id":"https:\/\/thaispanampang.ch\/massage-a-la-carte\/","url":"https:\/\/thaispanampang.ch\/massage-a-la-carte\/","name":"Personalisierte Massagen thaispanampang","isPartOf":{"@id":"https:\/\/thaispanampang.ch\/#website"},"primaryImageOfPage":{"@id":"https:\/\/thaispanampang.ch\/massage-a-la-carte\/#primaryimage"},"image":{"@id":"https:\/\/thaispanampang.ch\/massage-a-la-carte\/#primaryimage"},"thumbnailUrl":"https:\/\/thaispanampang.ch\/wp-content\/uploads\/2024\/02\/masaje_carta-tai.webp","datePublished":"2024-02-27T12:11:47+00:00","dateModified":"2024-02-29T19:47:28+00:00","description":"Personalisierte Massagen Gerne\u00a0passen wir uns auch an Ihre W\u00fcnsche oder Einschr\u00e4nkungen, zugeschnitten auf Ihren Priorit\u00e4ten, an.\u00a0Hierzu kontaktieren Sie","breadcrumb":{"@id":"https:\/\/thaispanampang.ch\/massage-a-la-carte\/#breadcrumb"},"inLanguage":"en-US","potentialAction":[{"@type":"ReadAction","target":["https:\/\/thaispanampang.ch\/massage-a-la-carte\/"]}]},{"@type":"ImageObject","inLanguage":"en-US","@id":"https:\/\/thaispanampang.ch\/massage-a-la-carte\/#primaryimage","url":"https:\/\/thaispanampang.ch\/wp-content\/uploads\/2024\/02\/masaje_carta-tai.webp","contentUrl":"https:\/\/thaispanampang.ch\/wp-content\/uploads\/2024\/02\/masaje_carta-tai.webp"},{"@type":"BreadcrumbList","@id":"https:\/\/thaispanampang.ch\/massage-a-la-carte\/#breadcrumb","itemListElement":[{"@type":"ListItem","position":1,"name":"Inicio","item":"https:\/\/thaispanampang.ch\/"},{"@type":"ListItem","position":2,"name":"Personalisierte Massagen"}]},{"@type":"WebSite","@id":"https:\/\/thaispanampang.ch\/#website","url":"https:\/\/thaispanampang.ch\/","name":"thaispanampang","description":"Spa und Massage","publisher":{"@id":"https:\/\/thaispanampang.ch\/#organization"},"potentialAction":[{"@type":"SearchAction","target":{"@type":"EntryPoint","urlTemplate":"https:\/\/thaispanampang.ch\/?s={search_term_string}"},"query-input":{"@type":"PropertyValueSpecification","valueRequired":true,"valueName":"search_term_string"}}],"inLanguage":"en-US"},{"@type":"Organization","@id":"https:\/\/thaispanampang.ch\/#organization","name":"thaispanampang","url":"https:\/\/thaispanampang.ch\/","logo":{"@type":"ImageObject","inLanguage":"en-US","@id":"https:\/\/thaispanampang.ch\/#\/schema\/logo\/image\/","url":"https:\/\/thaispanampang.ch\/wp-content\/uploads\/2023\/07\/cropped-cropped-cropped-logo-lite-296x300-1-1.webp","contentUrl":"https:\/\/thaispanampang.ch\/wp-content\/uploads\/2023\/07\/cropped-cropped-cropped-logo-lite-296x300-1-1.webp","width":296,"height":300,"caption":"thaispanampang"},"image":{"@id":"https:\/\/thaispanampang.ch\/#\/schema\/logo\/image\/"}}]}},"_links":{"self":[{"href":"https:\/\/thaispanampang.ch\/en\/wp-json\/wp\/v2\/pages\/1466","targetHints":{"allow":["GET"]}}],"collection":[{"href":"https:\/\/thaispanampang.ch\/en\/wp-json\/wp\/v2\/pages"}],"about":[{"href":"https:\/\/thaispanampang.ch\/en\/wp-json\/wp\/v2\/types\/page"}],"author":[{"embeddable":true,"href":"https:\/\/thaispanampang.ch\/en\/wp-json\/wp\/v2\/users\/1"}],"replies":[{"embeddable":true,"href":"https:\/\/thaispanampang.ch\/en\/wp-json\/wp\/v2\/comments?post=1466"}],"version-history":[{"count":8,"href":"https:\/\/thaispanampang.ch\/en\/wp-json\/wp\/v2\/pages\/1466\/revisions"}],"predecessor-version":[{"id":1607,"href":"https:\/\/thaispanampang.ch\/en\/wp-json\/wp\/v2\/pages\/1466\/revisions\/1607"}],"wp:attachment":[{"href":"https:\/\/thaispanampang.ch\/en\/wp-json\/wp\/v2\/media?parent=1466"}],"curies":[{"name":"wp","href":"https:\/\/api.w.org\/{rel}","templated":true}]}}