{"id":1449,"date":"2024-02-27T07:01:30","date_gmt":"2024-02-27T12:01:30","guid":{"rendered":"https:\/\/thaispanampang.ch\/?page_id=1449"},"modified":"2024-02-29T14:45:18","modified_gmt":"2024-02-29T19:45:18","slug":"hot-oilmassage","status":"publish","type":"page","link":"https:\/\/thaispanampang.ch\/en\/hot-oilmassage\/","title":{"rendered":"Hot OilMassage"},"content":{"rendered":"<div data-elementor-type=\"wp-page\" data-elementor-id=\"1449\" class=\"elementor elementor-1449\" data-elementor-post-type=\"page\">\n\t\t\t\t\t\t<section class=\"elementor-section elementor-top-section elementor-element elementor-element-5214619b elementor-section-boxed elementor-section-height-default elementor-section-height-default\" data-id=\"5214619b\" data-element_type=\"section\" data-e-type=\"section\">\n\t\t\t\t\t\t<div class=\"elementor-container elementor-column-gap-default\">\n\t\t\t\t\t<div class=\"elementor-column elementor-col-100 elementor-top-column elementor-element elementor-element-67303866\" data-id=\"67303866\" data-element_type=\"column\" data-e-type=\"column\">\n\t\t\t<div class=\"elementor-widget-wrap\">\n\t\t\t\t\t\t\t<\/div>\n\t\t<\/div>\n\t\t\t\t\t<\/div>\n\t\t<\/section>\n\t\t\t\t<section class=\"elementor-section elementor-top-section elementor-element elementor-element-80bb0a6 elementor-section-boxed elementor-section-height-default elementor-section-height-default\" data-id=\"80bb0a6\" data-element_type=\"section\" data-e-type=\"section\">\n\t\t\t\t\t\t<div class=\"elementor-container elementor-column-gap-default\">\n\t\t\t\t\t<div class=\"elementor-column elementor-col-100 elementor-top-column elementor-element elementor-element-7dd64ab5\" data-id=\"7dd64ab5\" data-element_type=\"column\" data-e-type=\"column\">\n\t\t\t<div class=\"elementor-widget-wrap elementor-element-populated\">\n\t\t\t\t\t\t<div class=\"elementor-element elementor-element-48291807 elementor-widget elementor-widget-heading\" data-id=\"48291807\" data-element_type=\"widget\" data-e-type=\"widget\" data-widget_type=\"heading.default\">\n\t\t\t\t<div class=\"elementor-widget-container\">\n\t\t\t\t\t<h2 class=\"elementor-heading-title elementor-size-default\">Hot OilMassage<\/h2>\t\t\t\t<\/div>\n\t\t\t\t<\/div>\n\t\t\t\t<div class=\"elementor-element elementor-element-38d61505 elementor-widget-divider--view-line elementor-widget elementor-widget-divider\" data-id=\"38d61505\" data-element_type=\"widget\" data-e-type=\"widget\" data-widget_type=\"divider.default\">\n\t\t\t\t<div class=\"elementor-widget-container\">\n\t\t\t\t\t\t\t<div class=\"elementor-divider\">\n\t\t\t<span class=\"elementor-divider-separator\">\n\t\t\t\t\t\t<\/span>\n\t\t<\/div>\n\t\t\t\t\t\t<\/div>\n\t\t\t\t<\/div>\n\t\t\t\t\t<\/div>\n\t\t<\/div>\n\t\t\t\t\t<\/div>\n\t\t<\/section>\n\t\t\t\t<section class=\"elementor-section elementor-top-section elementor-element elementor-element-28e988d6 elementor-section-boxed elementor-section-height-default elementor-section-height-default\" data-id=\"28e988d6\" data-element_type=\"section\" data-e-type=\"section\">\n\t\t\t\t\t\t<div class=\"elementor-container elementor-column-gap-default\">\n\t\t\t\t\t<div class=\"elementor-column elementor-col-33 elementor-top-column elementor-element elementor-element-467b008a\" data-id=\"467b008a\" data-element_type=\"column\" data-e-type=\"column\">\n\t\t\t<div class=\"elementor-widget-wrap elementor-element-populated\">\n\t\t\t\t\t\t<div class=\"elementor-element elementor-element-1415c2c6 elementor-widget elementor-widget-image\" data-id=\"1415c2c6\" data-element_type=\"widget\" data-e-type=\"widget\" data-widget_type=\"image.default\">\n\t\t\t\t<div class=\"elementor-widget-container\">\n\t\t\t\t\t\t\t\t\t\t\t\t\t\t\t<img fetchpriority=\"high\" decoding=\"async\" width=\"682\" height=\"1024\" src=\"https:\/\/thaispanampang.ch\/wp-content\/uploads\/2024\/02\/warm-oil-massage-682x1024.webp\" class=\"attachment-large size-large wp-image-1455\" alt=\"warm-oil-massage\" srcset=\"https:\/\/thaispanampang.ch\/wp-content\/uploads\/2024\/02\/warm-oil-massage-682x1024.webp 682w, https:\/\/thaispanampang.ch\/wp-content\/uploads\/2024\/02\/warm-oil-massage-200x300.webp 200w, https:\/\/thaispanampang.ch\/wp-content\/uploads\/2024\/02\/warm-oil-massage-768x1152.webp 768w, https:\/\/thaispanampang.ch\/wp-content\/uploads\/2024\/02\/warm-oil-massage-1024x1536.webp 1024w, https:\/\/thaispanampang.ch\/wp-content\/uploads\/2024\/02\/warm-oil-massage.webp 1333w\" sizes=\"(max-width: 682px) 100vw, 682px\" \/>\t\t\t\t\t\t\t\t\t\t\t\t\t\t\t<\/div>\n\t\t\t\t<\/div>\n\t\t\t\t\t<\/div>\n\t\t<\/div>\n\t\t\t\t<div class=\"elementor-column elementor-col-66 elementor-top-column elementor-element elementor-element-2167eb29\" data-id=\"2167eb29\" data-element_type=\"column\" data-e-type=\"column\">\n\t\t\t<div class=\"elementor-widget-wrap elementor-element-populated\">\n\t\t\t\t\t\t<div class=\"elementor-element elementor-element-f53f830 elementor-widget elementor-widget-spacer\" data-id=\"f53f830\" data-element_type=\"widget\" data-e-type=\"widget\" data-widget_type=\"spacer.default\">\n\t\t\t\t<div class=\"elementor-widget-container\">\n\t\t\t\t\t\t\t<div class=\"elementor-spacer\">\n\t\t\t<div class=\"elementor-spacer-inner\"><\/div>\n\t\t<\/div>\n\t\t\t\t\t\t<\/div>\n\t\t\t\t<\/div>\n\t\t\t\t<div class=\"elementor-element elementor-element-9b78b77 elementor-widget__width-initial elementor-widget elementor-widget-text-editor\" data-id=\"9b78b77\" data-element_type=\"widget\" data-e-type=\"widget\" data-widget_type=\"text-editor.default\">\n\t\t\t\t<div class=\"elementor-widget-container\">\n\t\t\t\t\t\t\t\t\t<p>Everyday-stress tends to accumulates in our body over time. Stress is the main cause of pain and muscle tension we can suffer. This massage is specifically designed to relieve muscle tension. Therapy with hot aromatic oils provides a feeling of complete relaxation as it calms and reduces accumulated tension.<\/p>\t\t\t\t\t\t\t\t<\/div>\n\t\t\t\t<\/div>\n\t\t\t\t<div class=\"elementor-element elementor-element-14018377 elementor-widget elementor-widget-heading\" data-id=\"14018377\" data-element_type=\"widget\" data-e-type=\"widget\" data-widget_type=\"heading.default\">\n\t\t\t\t<div class=\"elementor-widget-container\">\n\t\t\t\t\t<h2 class=\"elementor-heading-title elementor-size-default\">60 min 100 Fr. We accept debit and credit cards<\/h2>\t\t\t\t<\/div>\n\t\t\t\t<\/div>\n\t\t\t\t\t<\/div>\n\t\t<\/div>\n\t\t\t\t\t<\/div>\n\t\t<\/section>\n\t\t\t\t<section class=\"elementor-section elementor-top-section elementor-element elementor-element-29b7602b elementor-section-boxed elementor-section-height-default elementor-section-height-default\" data-id=\"29b7602b\" data-element_type=\"section\" data-e-type=\"section\">\n\t\t\t\t\t\t<div class=\"elementor-container elementor-column-gap-default\">\n\t\t\t\t\t<div class=\"elementor-column elementor-col-100 elementor-top-column elementor-element elementor-element-54deec67\" data-id=\"54deec67\" data-element_type=\"column\" data-e-type=\"column\">\n\t\t\t<div class=\"elementor-widget-wrap\">\n\t\t\t\t\t\t\t<\/div>\n\t\t<\/div>\n\t\t\t\t\t<\/div>\n\t\t<\/section>\n\t\t\t\t<\/div>","protected":false},"excerpt":{"rendered":"<p>Massage mit heissem \u00d6l \u00dcber die Zeit baut sich der allt\u00e4gliche Stress in unserem K\u00f6rper auf. Der Stress selbst ist weitgehend verantwortlich f\u00fcr Schmerzen und Steifheit welche wir erleben. Diese Massage ist spezifisch entworfen, um Muskelverspannungen zu lindern und verleiht ein Gef\u00fchl vollst\u00e4ndiger Entspannung durch die Verwendung der Thai Kr\u00e4uter Massage-Therapie mit heissem \u00d6l welche [&hellip;]<\/p>\n","protected":false},"author":1,"featured_media":0,"parent":0,"menu_order":0,"comment_status":"closed","ping_status":"closed","template":"","meta":{"_monsterinsights_skip_tracking":false,"_monsterinsights_sitenote_active":false,"_monsterinsights_sitenote_note":"","_monsterinsights_sitenote_category":0,"site-sidebar-layout":"no-sidebar","site-content-layout":"page-builder","ast-site-content-layout":"default","site-content-style":"default","site-sidebar-style":"default","ast-global-header-display":"","ast-banner-title-visibility":"","ast-main-header-display":"","ast-hfb-above-header-display":"","ast-hfb-below-header-display":"","ast-hfb-mobile-header-display":"","site-post-title":"disabled","ast-breadcrumbs-content":"","ast-featured-img":"disabled","footer-sml-layout":"","ast-disable-related-posts":"","theme-transparent-header-meta":"","adv-header-id-meta":"","stick-header-meta":"","header-above-stick-meta":"","header-main-stick-meta":"","header-below-stick-meta":"","astra-migrate-meta-layouts":"default","ast-page-background-enabled":"default","ast-page-background-meta":{"desktop":{"background-color":"var(--ast-global-color-4)","background-image":"","background-repeat":"repeat","background-position":"center center","background-size":"auto","background-attachment":"scroll","background-type":"","background-media":"","overlay-type":"","overlay-color":"","overlay-opacity":"","overlay-gradient":""},"tablet":{"background-color":"","background-image":"","background-repeat":"repeat","background-position":"center center","background-size":"auto","background-attachment":"scroll","background-type":"","background-media":"","overlay-type":"","overlay-color":"","overlay-opacity":"","overlay-gradient":""},"mobile":{"background-color":"","background-image":"","background-repeat":"repeat","background-position":"center center","background-size":"auto","background-attachment":"scroll","background-type":"","background-media":"","overlay-type":"","overlay-color":"","overlay-opacity":"","overlay-gradient":""}},"ast-content-background-meta":{"desktop":{"background-color":"var(--ast-global-color-5)","background-image":"","background-repeat":"repeat","background-position":"center center","background-size":"auto","background-attachment":"scroll","background-type":"","background-media":"","overlay-type":"","overlay-color":"","overlay-opacity":"","overlay-gradient":""},"tablet":{"background-color":"var(--ast-global-color-5)","background-image":"","background-repeat":"repeat","background-position":"center center","background-size":"auto","background-attachment":"scroll","background-type":"","background-media":"","overlay-type":"","overlay-color":"","overlay-opacity":"","overlay-gradient":""},"mobile":{"background-color":"var(--ast-global-color-5)","background-image":"","background-repeat":"repeat","background-position":"center center","background-size":"auto","background-attachment":"scroll","background-type":"","background-media":"","overlay-type":"","overlay-color":"","overlay-opacity":"","overlay-gradient":""}},"footnotes":""},"class_list":["post-1449","page","type-page","status-publish","hentry"],"yoast_head":"<!-- This site is optimized with the Yoast SEO plugin v27.2 - https:\/\/yoast.com\/product\/yoast-seo-wordpress\/ -->\n<title>Massage mit heissem \u00d6l thaispanampang<\/title>\n<meta name=\"description\" content=\"Massage mit heissem \u00d6l \u00dcber die Zeit baut sich der allt\u00e4gliche Stress in unserem K\u00f6rper auf. Der Stress selbst ist weitgehend verantwortlich f\u00fcr Schmerzen\" \/>\n<meta name=\"robots\" content=\"index, follow, max-snippet:-1, max-image-preview:large, max-video-preview:-1\" \/>\n<link rel=\"canonical\" href=\"https:\/\/thaispanampang.ch\/en\/hot-oilmassage\/\" \/>\n<meta property=\"og:locale\" content=\"en_US\" \/>\n<meta property=\"og:type\" content=\"article\" \/>\n<meta property=\"og:title\" content=\"Massage mit heissem \u00d6l thaispanampang\" \/>\n<meta property=\"og:description\" content=\"Massage mit heissem \u00d6l \u00dcber die Zeit baut sich der allt\u00e4gliche Stress in unserem K\u00f6rper auf. Der Stress selbst ist weitgehend verantwortlich f\u00fcr Schmerzen\" \/>\n<meta property=\"og:url\" content=\"https:\/\/thaispanampang.ch\/en\/hot-oilmassage\/\" \/>\n<meta property=\"og:site_name\" content=\"thaispanampang\" \/>\n<meta property=\"article:modified_time\" content=\"2024-02-29T19:45:18+00:00\" \/>\n<meta property=\"og:image\" content=\"https:\/\/thaispanampang.ch\/wp-content\/uploads\/2024\/02\/warm-oil-massage-682x1024.webp\" \/>\n<meta name=\"twitter:card\" content=\"summary_large_image\" \/>\n<meta name=\"twitter:label1\" content=\"Est. reading time\" \/>\n\t<meta name=\"twitter:data1\" content=\"1 minute\" \/>\n<script type=\"application\/ld+json\" class=\"yoast-schema-graph\">{\"@context\":\"https:\/\/schema.org\",\"@graph\":[{\"@type\":\"WebPage\",\"@id\":\"https:\/\/thaispanampang.ch\/hot-oilmassage\/\",\"url\":\"https:\/\/thaispanampang.ch\/hot-oilmassage\/\",\"name\":\"Massage mit heissem \u00d6l thaispanampang\",\"isPartOf\":{\"@id\":\"https:\/\/thaispanampang.ch\/#website\"},\"primaryImageOfPage\":{\"@id\":\"https:\/\/thaispanampang.ch\/hot-oilmassage\/#primaryimage\"},\"image\":{\"@id\":\"https:\/\/thaispanampang.ch\/hot-oilmassage\/#primaryimage\"},\"thumbnailUrl\":\"https:\/\/thaispanampang.ch\/wp-content\/uploads\/2024\/02\/warm-oil-massage-682x1024.webp\",\"datePublished\":\"2024-02-27T12:01:30+00:00\",\"dateModified\":\"2024-02-29T19:45:18+00:00\",\"description\":\"Massage mit heissem \u00d6l \u00dcber die Zeit baut sich der allt\u00e4gliche Stress in unserem K\u00f6rper auf. Der Stress selbst ist weitgehend verantwortlich f\u00fcr Schmerzen\",\"breadcrumb\":{\"@id\":\"https:\/\/thaispanampang.ch\/hot-oilmassage\/#breadcrumb\"},\"inLanguage\":\"en-US\",\"potentialAction\":[{\"@type\":\"ReadAction\",\"target\":[\"https:\/\/thaispanampang.ch\/hot-oilmassage\/\"]}]},{\"@type\":\"ImageObject\",\"inLanguage\":\"en-US\",\"@id\":\"https:\/\/thaispanampang.ch\/hot-oilmassage\/#primaryimage\",\"url\":\"https:\/\/thaispanampang.ch\/wp-content\/uploads\/2024\/02\/warm-oil-massage-682x1024.webp\",\"contentUrl\":\"https:\/\/thaispanampang.ch\/wp-content\/uploads\/2024\/02\/warm-oil-massage-682x1024.webp\"},{\"@type\":\"BreadcrumbList\",\"@id\":\"https:\/\/thaispanampang.ch\/hot-oilmassage\/#breadcrumb\",\"itemListElement\":[{\"@type\":\"ListItem\",\"position\":1,\"name\":\"Inicio\",\"item\":\"https:\/\/thaispanampang.ch\/\"},{\"@type\":\"ListItem\",\"position\":2,\"name\":\"Massage mit heissem \u00d6l\"}]},{\"@type\":\"WebSite\",\"@id\":\"https:\/\/thaispanampang.ch\/#website\",\"url\":\"https:\/\/thaispanampang.ch\/\",\"name\":\"thaispanampang\",\"description\":\"Spa und Massage\",\"publisher\":{\"@id\":\"https:\/\/thaispanampang.ch\/#organization\"},\"potentialAction\":[{\"@type\":\"SearchAction\",\"target\":{\"@type\":\"EntryPoint\",\"urlTemplate\":\"https:\/\/thaispanampang.ch\/?s={search_term_string}\"},\"query-input\":{\"@type\":\"PropertyValueSpecification\",\"valueRequired\":true,\"valueName\":\"search_term_string\"}}],\"inLanguage\":\"en-US\"},{\"@type\":\"Organization\",\"@id\":\"https:\/\/thaispanampang.ch\/#organization\",\"name\":\"thaispanampang\",\"url\":\"https:\/\/thaispanampang.ch\/\",\"logo\":{\"@type\":\"ImageObject\",\"inLanguage\":\"en-US\",\"@id\":\"https:\/\/thaispanampang.ch\/#\/schema\/logo\/image\/\",\"url\":\"https:\/\/thaispanampang.ch\/wp-content\/uploads\/2023\/07\/cropped-cropped-cropped-logo-lite-296x300-1-1.webp\",\"contentUrl\":\"https:\/\/thaispanampang.ch\/wp-content\/uploads\/2023\/07\/cropped-cropped-cropped-logo-lite-296x300-1-1.webp\",\"width\":296,\"height\":300,\"caption\":\"thaispanampang\"},\"image\":{\"@id\":\"https:\/\/thaispanampang.ch\/#\/schema\/logo\/image\/\"}}]}<\/script>\n<!-- \/ Yoast SEO plugin. -->","yoast_head_json":{"title":"Massage mit heissem \u00d6l thaispanampang","description":"Massage mit heissem \u00d6l \u00dcber die Zeit baut sich der allt\u00e4gliche Stress in unserem K\u00f6rper auf. Der Stress selbst ist weitgehend verantwortlich f\u00fcr Schmerzen","robots":{"index":"index","follow":"follow","max-snippet":"max-snippet:-1","max-image-preview":"max-image-preview:large","max-video-preview":"max-video-preview:-1"},"canonical":"https:\/\/thaispanampang.ch\/en\/hot-oilmassage\/","og_locale":"en_US","og_type":"article","og_title":"Massage mit heissem \u00d6l thaispanampang","og_description":"Massage mit heissem \u00d6l \u00dcber die Zeit baut sich der allt\u00e4gliche Stress in unserem K\u00f6rper auf. Der Stress selbst ist weitgehend verantwortlich f\u00fcr Schmerzen","og_url":"https:\/\/thaispanampang.ch\/en\/hot-oilmassage\/","og_site_name":"thaispanampang","article_modified_time":"2024-02-29T19:45:18+00:00","og_image":[{"url":"https:\/\/thaispanampang.ch\/wp-content\/uploads\/2024\/02\/warm-oil-massage-682x1024.webp","type":"","width":"","height":""}],"twitter_card":"summary_large_image","twitter_misc":{"Est. reading time":"1 minute"},"schema":{"@context":"https:\/\/schema.org","@graph":[{"@type":"WebPage","@id":"https:\/\/thaispanampang.ch\/hot-oilmassage\/","url":"https:\/\/thaispanampang.ch\/hot-oilmassage\/","name":"Massage mit heissem \u00d6l thaispanampang","isPartOf":{"@id":"https:\/\/thaispanampang.ch\/#website"},"primaryImageOfPage":{"@id":"https:\/\/thaispanampang.ch\/hot-oilmassage\/#primaryimage"},"image":{"@id":"https:\/\/thaispanampang.ch\/hot-oilmassage\/#primaryimage"},"thumbnailUrl":"https:\/\/thaispanampang.ch\/wp-content\/uploads\/2024\/02\/warm-oil-massage-682x1024.webp","datePublished":"2024-02-27T12:01:30+00:00","dateModified":"2024-02-29T19:45:18+00:00","description":"Massage mit heissem \u00d6l \u00dcber die Zeit baut sich der allt\u00e4gliche Stress in unserem K\u00f6rper auf. Der Stress selbst ist weitgehend verantwortlich f\u00fcr Schmerzen","breadcrumb":{"@id":"https:\/\/thaispanampang.ch\/hot-oilmassage\/#breadcrumb"},"inLanguage":"en-US","potentialAction":[{"@type":"ReadAction","target":["https:\/\/thaispanampang.ch\/hot-oilmassage\/"]}]},{"@type":"ImageObject","inLanguage":"en-US","@id":"https:\/\/thaispanampang.ch\/hot-oilmassage\/#primaryimage","url":"https:\/\/thaispanampang.ch\/wp-content\/uploads\/2024\/02\/warm-oil-massage-682x1024.webp","contentUrl":"https:\/\/thaispanampang.ch\/wp-content\/uploads\/2024\/02\/warm-oil-massage-682x1024.webp"},{"@type":"BreadcrumbList","@id":"https:\/\/thaispanampang.ch\/hot-oilmassage\/#breadcrumb","itemListElement":[{"@type":"ListItem","position":1,"name":"Inicio","item":"https:\/\/thaispanampang.ch\/"},{"@type":"ListItem","position":2,"name":"Massage mit heissem \u00d6l"}]},{"@type":"WebSite","@id":"https:\/\/thaispanampang.ch\/#website","url":"https:\/\/thaispanampang.ch\/","name":"thaispanampang","description":"Spa und Massage","publisher":{"@id":"https:\/\/thaispanampang.ch\/#organization"},"potentialAction":[{"@type":"SearchAction","target":{"@type":"EntryPoint","urlTemplate":"https:\/\/thaispanampang.ch\/?s={search_term_string}"},"query-input":{"@type":"PropertyValueSpecification","valueRequired":true,"valueName":"search_term_string"}}],"inLanguage":"en-US"},{"@type":"Organization","@id":"https:\/\/thaispanampang.ch\/#organization","name":"thaispanampang","url":"https:\/\/thaispanampang.ch\/","logo":{"@type":"ImageObject","inLanguage":"en-US","@id":"https:\/\/thaispanampang.ch\/#\/schema\/logo\/image\/","url":"https:\/\/thaispanampang.ch\/wp-content\/uploads\/2023\/07\/cropped-cropped-cropped-logo-lite-296x300-1-1.webp","contentUrl":"https:\/\/thaispanampang.ch\/wp-content\/uploads\/2023\/07\/cropped-cropped-cropped-logo-lite-296x300-1-1.webp","width":296,"height":300,"caption":"thaispanampang"},"image":{"@id":"https:\/\/thaispanampang.ch\/#\/schema\/logo\/image\/"}}]}},"_links":{"self":[{"href":"https:\/\/thaispanampang.ch\/en\/wp-json\/wp\/v2\/pages\/1449","targetHints":{"allow":["GET"]}}],"collection":[{"href":"https:\/\/thaispanampang.ch\/en\/wp-json\/wp\/v2\/pages"}],"about":[{"href":"https:\/\/thaispanampang.ch\/en\/wp-json\/wp\/v2\/types\/page"}],"author":[{"embeddable":true,"href":"https:\/\/thaispanampang.ch\/en\/wp-json\/wp\/v2\/users\/1"}],"replies":[{"embeddable":true,"href":"https:\/\/thaispanampang.ch\/en\/wp-json\/wp\/v2\/comments?post=1449"}],"version-history":[{"count":14,"href":"https:\/\/thaispanampang.ch\/en\/wp-json\/wp\/v2\/pages\/1449\/revisions"}],"predecessor-version":[{"id":1600,"href":"https:\/\/thaispanampang.ch\/en\/wp-json\/wp\/v2\/pages\/1449\/revisions\/1600"}],"wp:attachment":[{"href":"https:\/\/thaispanampang.ch\/en\/wp-json\/wp\/v2\/media?parent=1449"}],"curies":[{"name":"wp","href":"https:\/\/api.w.org\/{rel}","templated":true}]}}