{"id":1429,"date":"2024-02-27T06:48:56","date_gmt":"2024-02-27T11:48:56","guid":{"rendered":"https:\/\/thaispanampang.ch\/?page_id=1429"},"modified":"2024-02-29T15:28:08","modified_gmt":"2024-02-29T20:28:08","slug":"massage-with-nampang-herbal-balls","status":"publish","type":"page","link":"https:\/\/thaispanampang.ch\/en\/massage-with-nampang-herbal-balls\/","title":{"rendered":"Massage with NamPang herbal balls"},"content":{"rendered":"<div data-elementor-type=\"wp-page\" data-elementor-id=\"1429\" class=\"elementor elementor-1429\" data-elementor-post-type=\"page\">\n\t\t\t\t\t\t<section class=\"elementor-section elementor-top-section elementor-element elementor-element-21cbd06a elementor-section-boxed elementor-section-height-default elementor-section-height-default\" data-id=\"21cbd06a\" data-element_type=\"section\" data-e-type=\"section\">\n\t\t\t\t\t\t<div class=\"elementor-container elementor-column-gap-default\">\n\t\t\t\t\t<div class=\"elementor-column elementor-col-100 elementor-top-column elementor-element elementor-element-151020a\" data-id=\"151020a\" data-element_type=\"column\" data-e-type=\"column\">\n\t\t\t<div class=\"elementor-widget-wrap\">\n\t\t\t\t\t\t\t<\/div>\n\t\t<\/div>\n\t\t\t\t\t<\/div>\n\t\t<\/section>\n\t\t\t\t<section class=\"elementor-section elementor-top-section elementor-element elementor-element-391414a3 elementor-section-boxed elementor-section-height-default elementor-section-height-default\" data-id=\"391414a3\" data-element_type=\"section\" data-e-type=\"section\">\n\t\t\t\t\t\t<div class=\"elementor-container elementor-column-gap-default\">\n\t\t\t\t\t<div class=\"elementor-column elementor-col-100 elementor-top-column elementor-element elementor-element-1c00e22\" data-id=\"1c00e22\" data-element_type=\"column\" data-e-type=\"column\">\n\t\t\t<div class=\"elementor-widget-wrap elementor-element-populated\">\n\t\t\t\t\t\t<div class=\"elementor-element elementor-element-38bd4eca elementor-widget elementor-widget-heading\" data-id=\"38bd4eca\" data-element_type=\"widget\" data-e-type=\"widget\" data-widget_type=\"heading.default\">\n\t\t\t\t<div class=\"elementor-widget-container\">\n\t\t\t\t\t<h2 class=\"elementor-heading-title elementor-size-default\">Massage with NamPang herbal balls<\/h2>\t\t\t\t<\/div>\n\t\t\t\t<\/div>\n\t\t\t\t<div class=\"elementor-element elementor-element-7bc6ebc8 elementor-widget-divider--view-line elementor-widget elementor-widget-divider\" data-id=\"7bc6ebc8\" data-element_type=\"widget\" data-e-type=\"widget\" data-widget_type=\"divider.default\">\n\t\t\t\t<div class=\"elementor-widget-container\">\n\t\t\t\t\t\t\t<div class=\"elementor-divider\">\n\t\t\t<span class=\"elementor-divider-separator\">\n\t\t\t\t\t\t<\/span>\n\t\t<\/div>\n\t\t\t\t\t\t<\/div>\n\t\t\t\t<\/div>\n\t\t\t\t\t<\/div>\n\t\t<\/div>\n\t\t\t\t\t<\/div>\n\t\t<\/section>\n\t\t\t\t<section class=\"elementor-section elementor-top-section elementor-element elementor-element-260ea766 elementor-section-boxed elementor-section-height-default elementor-section-height-default\" data-id=\"260ea766\" data-element_type=\"section\" data-e-type=\"section\">\n\t\t\t\t\t\t<div class=\"elementor-container elementor-column-gap-default\">\n\t\t\t\t\t<div class=\"elementor-column elementor-col-33 elementor-top-column elementor-element elementor-element-24a09264\" data-id=\"24a09264\" data-element_type=\"column\" data-e-type=\"column\">\n\t\t\t<div class=\"elementor-widget-wrap elementor-element-populated\">\n\t\t\t\t\t\t<div class=\"elementor-element elementor-element-5d12745b elementor-widget elementor-widget-image\" data-id=\"5d12745b\" data-element_type=\"widget\" data-e-type=\"widget\" data-widget_type=\"image.default\">\n\t\t\t\t<div class=\"elementor-widget-container\">\n\t\t\t\t\t\t\t\t\t\t\t\t\t\t\t<img fetchpriority=\"high\" decoding=\"async\" width=\"682\" height=\"1024\" src=\"https:\/\/thaispanampang.ch\/wp-content\/uploads\/2024\/02\/bolas-nampang-massage-682x1024.webp\" class=\"attachment-large size-large wp-image-1435\" alt=\"\" srcset=\"https:\/\/thaispanampang.ch\/wp-content\/uploads\/2024\/02\/bolas-nampang-massage-682x1024.webp 682w, https:\/\/thaispanampang.ch\/wp-content\/uploads\/2024\/02\/bolas-nampang-massage-200x300.webp 200w, https:\/\/thaispanampang.ch\/wp-content\/uploads\/2024\/02\/bolas-nampang-massage-768x1152.webp 768w, https:\/\/thaispanampang.ch\/wp-content\/uploads\/2024\/02\/bolas-nampang-massage-1024x1536.webp 1024w, https:\/\/thaispanampang.ch\/wp-content\/uploads\/2024\/02\/bolas-nampang-massage.webp 1333w\" sizes=\"(max-width: 682px) 100vw, 682px\" \/>\t\t\t\t\t\t\t\t\t\t\t\t\t\t\t<\/div>\n\t\t\t\t<\/div>\n\t\t\t\t\t<\/div>\n\t\t<\/div>\n\t\t\t\t<div class=\"elementor-column elementor-col-66 elementor-top-column elementor-element elementor-element-39cec3eb\" data-id=\"39cec3eb\" data-element_type=\"column\" data-e-type=\"column\">\n\t\t\t<div class=\"elementor-widget-wrap elementor-element-populated\">\n\t\t\t\t\t\t<div class=\"elementor-element elementor-element-3ac1b249 elementor-widget elementor-widget-spacer\" data-id=\"3ac1b249\" data-element_type=\"widget\" data-e-type=\"widget\" data-widget_type=\"spacer.default\">\n\t\t\t\t<div class=\"elementor-widget-container\">\n\t\t\t\t\t\t\t<div class=\"elementor-spacer\">\n\t\t\t<div class=\"elementor-spacer-inner\"><\/div>\n\t\t<\/div>\n\t\t\t\t\t\t<\/div>\n\t\t\t\t<\/div>\n\t\t\t\t<div class=\"elementor-element elementor-element-5f7a9721 elementor-widget__width-initial elementor-widget elementor-widget-text-editor\" data-id=\"5f7a9721\" data-element_type=\"widget\" data-e-type=\"widget\" data-widget_type=\"text-editor.default\">\n\t\t\t\t<div class=\"elementor-widget-container\">\n\t\t\t\t\t\t\t\t\t<p>NamPang herbal balls are made in a traditional and environmentally friendly way. Also called pindas, NamPang herbal balls are divided into two types; on one hand floral pinda serving to combat dry skin, rejuvenate the skin, fight anxiety, insomnia, it is antiseptic, anti-stress\u2026 and on the other the pinda spice that among its multiple benefits are the reduction of swelling, fighting migraines, muscle fatigue. And of course also is antiseptic.<\/p><p><br \/>One of the beneficial features of this massage is that the pindas ingredients enter our body through the pores of the skin and reach our nervous system, acting as extraordinary natural medicine for our body. On the other hand, the warmth provided by the balls of herbs, relax the muscles and improve the blood circulation of the body and the lymph system.\u00a0<\/p>\t\t\t\t\t\t\t\t<\/div>\n\t\t\t\t<\/div>\n\t\t\t\t<div class=\"elementor-element elementor-element-1b1cf2b1 elementor-widget elementor-widget-heading\" data-id=\"1b1cf2b1\" data-element_type=\"widget\" data-e-type=\"widget\" data-widget_type=\"heading.default\">\n\t\t\t\t<div class=\"elementor-widget-container\">\n\t\t\t\t\t<h2 class=\"elementor-heading-title elementor-size-default\">60 min 100 Fr. We accept debit and credit cards<\/h2>\t\t\t\t<\/div>\n\t\t\t\t<\/div>\n\t\t\t\t\t<\/div>\n\t\t<\/div>\n\t\t\t\t\t<\/div>\n\t\t<\/section>\n\t\t\t\t<section class=\"elementor-section elementor-top-section elementor-element elementor-element-10aef08f elementor-section-boxed elementor-section-height-default elementor-section-height-default\" data-id=\"10aef08f\" data-element_type=\"section\" data-e-type=\"section\">\n\t\t\t\t\t\t<div class=\"elementor-container elementor-column-gap-default\">\n\t\t\t\t\t<div class=\"elementor-column elementor-col-100 elementor-top-column elementor-element elementor-element-791b452f\" data-id=\"791b452f\" data-element_type=\"column\" data-e-type=\"column\">\n\t\t\t<div class=\"elementor-widget-wrap\">\n\t\t\t\t\t\t\t<\/div>\n\t\t<\/div>\n\t\t\t\t\t<\/div>\n\t\t<\/section>\n\t\t\t\t<\/div>","protected":false},"excerpt":{"rendered":"<p>Massage mit Kr\u00e4uter-Kugeln NamPang Die Kr\u00e4uterkugeln von NamPangwerden in handwerklicher und \u00f6kologischer\u00a0Art\u00a0und\u00a0Weisehergestellt. Sie werden auch Kr\u00e4uterstempel genannt. Die Kr\u00e4uterkugeln vonNamPangwerden in zwei verschiedene Arten eingeteilt: Auf der einen Seite die Bl\u00fctenstempel, die zur Bek\u00e4mpfung von trockener Haut, zur Hautverj\u00fcngung, gegen Angstzust\u00e4nde und Schlaflosigkeit verwendet werden und zudem stresslindernd und anti-septisch wirken. Auf der anderen Seite [&hellip;]<\/p>\n","protected":false},"author":1,"featured_media":0,"parent":0,"menu_order":0,"comment_status":"closed","ping_status":"closed","template":"","meta":{"_monsterinsights_skip_tracking":false,"_monsterinsights_sitenote_active":false,"_monsterinsights_sitenote_note":"","_monsterinsights_sitenote_category":0,"site-sidebar-layout":"no-sidebar","site-content-layout":"page-builder","ast-site-content-layout":"default","site-content-style":"default","site-sidebar-style":"default","ast-global-header-display":"","ast-banner-title-visibility":"","ast-main-header-display":"","ast-hfb-above-header-display":"","ast-hfb-below-header-display":"","ast-hfb-mobile-header-display":"","site-post-title":"disabled","ast-breadcrumbs-content":"","ast-featured-img":"disabled","footer-sml-layout":"","ast-disable-related-posts":"","theme-transparent-header-meta":"","adv-header-id-meta":"","stick-header-meta":"","header-above-stick-meta":"","header-main-stick-meta":"","header-below-stick-meta":"","astra-migrate-meta-layouts":"default","ast-page-background-enabled":"default","ast-page-background-meta":{"desktop":{"background-color":"var(--ast-global-color-4)","background-image":"","background-repeat":"repeat","background-position":"center center","background-size":"auto","background-attachment":"scroll","background-type":"","background-media":"","overlay-type":"","overlay-color":"","overlay-opacity":"","overlay-gradient":""},"tablet":{"background-color":"","background-image":"","background-repeat":"repeat","background-position":"center center","background-size":"auto","background-attachment":"scroll","background-type":"","background-media":"","overlay-type":"","overlay-color":"","overlay-opacity":"","overlay-gradient":""},"mobile":{"background-color":"","background-image":"","background-repeat":"repeat","background-position":"center center","background-size":"auto","background-attachment":"scroll","background-type":"","background-media":"","overlay-type":"","overlay-color":"","overlay-opacity":"","overlay-gradient":""}},"ast-content-background-meta":{"desktop":{"background-color":"var(--ast-global-color-5)","background-image":"","background-repeat":"repeat","background-position":"center center","background-size":"auto","background-attachment":"scroll","background-type":"","background-media":"","overlay-type":"","overlay-color":"","overlay-opacity":"","overlay-gradient":""},"tablet":{"background-color":"var(--ast-global-color-5)","background-image":"","background-repeat":"repeat","background-position":"center center","background-size":"auto","background-attachment":"scroll","background-type":"","background-media":"","overlay-type":"","overlay-color":"","overlay-opacity":"","overlay-gradient":""},"mobile":{"background-color":"var(--ast-global-color-5)","background-image":"","background-repeat":"repeat","background-position":"center center","background-size":"auto","background-attachment":"scroll","background-type":"","background-media":"","overlay-type":"","overlay-color":"","overlay-opacity":"","overlay-gradient":""}},"footnotes":""},"class_list":["post-1429","page","type-page","status-publish","hentry"],"yoast_head":"<!-- This site is optimized with the Yoast SEO plugin v27.2 - https:\/\/yoast.com\/product\/yoast-seo-wordpress\/ -->\n<title>Massage mit Kr\u00e4uter-Kugeln NamPang thaispanampang<\/title>\n<meta name=\"description\" content=\"Massage mit Kr\u00e4uter-Kugeln NamPang Die Kr\u00e4uterkugeln von NamPangwerden in handwerklicher und \u00f6kologischer\u00a0Art\u00a0und\u00a0Weisehergestellt. Sie werden auch\" \/>\n<meta name=\"robots\" content=\"index, follow, max-snippet:-1, max-image-preview:large, max-video-preview:-1\" \/>\n<link rel=\"canonical\" href=\"https:\/\/thaispanampang.ch\/en\/massage-with-nampang-herbal-balls\/\" \/>\n<meta property=\"og:locale\" content=\"en_US\" \/>\n<meta property=\"og:type\" content=\"article\" \/>\n<meta property=\"og:title\" content=\"Massage mit Kr\u00e4uter-Kugeln NamPang thaispanampang\" \/>\n<meta property=\"og:description\" content=\"Massage mit Kr\u00e4uter-Kugeln NamPang Die Kr\u00e4uterkugeln von NamPangwerden in handwerklicher und \u00f6kologischer\u00a0Art\u00a0und\u00a0Weisehergestellt. Sie werden auch\" \/>\n<meta property=\"og:url\" content=\"https:\/\/thaispanampang.ch\/en\/massage-with-nampang-herbal-balls\/\" \/>\n<meta property=\"og:site_name\" content=\"thaispanampang\" \/>\n<meta property=\"article:modified_time\" content=\"2024-02-29T20:28:08+00:00\" \/>\n<meta property=\"og:image\" content=\"https:\/\/thaispanampang.ch\/wp-content\/uploads\/2024\/02\/bolas-nampang-massage-682x1024.webp\" \/>\n<meta name=\"twitter:card\" content=\"summary_large_image\" \/>\n<meta name=\"twitter:label1\" content=\"Est. reading time\" \/>\n\t<meta name=\"twitter:data1\" content=\"1 minute\" \/>\n<script type=\"application\/ld+json\" class=\"yoast-schema-graph\">{\"@context\":\"https:\/\/schema.org\",\"@graph\":[{\"@type\":\"WebPage\",\"@id\":\"https:\/\/thaispanampang.ch\/massage-with-nampang-herbal-balls\/\",\"url\":\"https:\/\/thaispanampang.ch\/massage-with-nampang-herbal-balls\/\",\"name\":\"Massage mit Kr\u00e4uter-Kugeln NamPang thaispanampang\",\"isPartOf\":{\"@id\":\"https:\/\/thaispanampang.ch\/#website\"},\"primaryImageOfPage\":{\"@id\":\"https:\/\/thaispanampang.ch\/massage-with-nampang-herbal-balls\/#primaryimage\"},\"image\":{\"@id\":\"https:\/\/thaispanampang.ch\/massage-with-nampang-herbal-balls\/#primaryimage\"},\"thumbnailUrl\":\"https:\/\/thaispanampang.ch\/wp-content\/uploads\/2024\/02\/bolas-nampang-massage-682x1024.webp\",\"datePublished\":\"2024-02-27T11:48:56+00:00\",\"dateModified\":\"2024-02-29T20:28:08+00:00\",\"description\":\"Massage mit Kr\u00e4uter-Kugeln NamPang Die Kr\u00e4uterkugeln von NamPangwerden in handwerklicher und \u00f6kologischer\u00a0Art\u00a0und\u00a0Weisehergestellt. Sie werden auch\",\"breadcrumb\":{\"@id\":\"https:\/\/thaispanampang.ch\/massage-with-nampang-herbal-balls\/#breadcrumb\"},\"inLanguage\":\"en-US\",\"potentialAction\":[{\"@type\":\"ReadAction\",\"target\":[\"https:\/\/thaispanampang.ch\/massage-with-nampang-herbal-balls\/\"]}]},{\"@type\":\"ImageObject\",\"inLanguage\":\"en-US\",\"@id\":\"https:\/\/thaispanampang.ch\/massage-with-nampang-herbal-balls\/#primaryimage\",\"url\":\"https:\/\/thaispanampang.ch\/wp-content\/uploads\/2024\/02\/bolas-nampang-massage-682x1024.webp\",\"contentUrl\":\"https:\/\/thaispanampang.ch\/wp-content\/uploads\/2024\/02\/bolas-nampang-massage-682x1024.webp\"},{\"@type\":\"BreadcrumbList\",\"@id\":\"https:\/\/thaispanampang.ch\/massage-with-nampang-herbal-balls\/#breadcrumb\",\"itemListElement\":[{\"@type\":\"ListItem\",\"position\":1,\"name\":\"Inicio\",\"item\":\"https:\/\/thaispanampang.ch\/\"},{\"@type\":\"ListItem\",\"position\":2,\"name\":\"Massage mit Kr\u00e4uter-Kugeln NamPang\"}]},{\"@type\":\"WebSite\",\"@id\":\"https:\/\/thaispanampang.ch\/#website\",\"url\":\"https:\/\/thaispanampang.ch\/\",\"name\":\"thaispanampang\",\"description\":\"Spa und Massage\",\"publisher\":{\"@id\":\"https:\/\/thaispanampang.ch\/#organization\"},\"potentialAction\":[{\"@type\":\"SearchAction\",\"target\":{\"@type\":\"EntryPoint\",\"urlTemplate\":\"https:\/\/thaispanampang.ch\/?s={search_term_string}\"},\"query-input\":{\"@type\":\"PropertyValueSpecification\",\"valueRequired\":true,\"valueName\":\"search_term_string\"}}],\"inLanguage\":\"en-US\"},{\"@type\":\"Organization\",\"@id\":\"https:\/\/thaispanampang.ch\/#organization\",\"name\":\"thaispanampang\",\"url\":\"https:\/\/thaispanampang.ch\/\",\"logo\":{\"@type\":\"ImageObject\",\"inLanguage\":\"en-US\",\"@id\":\"https:\/\/thaispanampang.ch\/#\/schema\/logo\/image\/\",\"url\":\"https:\/\/thaispanampang.ch\/wp-content\/uploads\/2023\/07\/cropped-cropped-cropped-logo-lite-296x300-1-1.webp\",\"contentUrl\":\"https:\/\/thaispanampang.ch\/wp-content\/uploads\/2023\/07\/cropped-cropped-cropped-logo-lite-296x300-1-1.webp\",\"width\":296,\"height\":300,\"caption\":\"thaispanampang\"},\"image\":{\"@id\":\"https:\/\/thaispanampang.ch\/#\/schema\/logo\/image\/\"}}]}<\/script>\n<!-- \/ Yoast SEO plugin. -->","yoast_head_json":{"title":"Massage mit Kr\u00e4uter-Kugeln NamPang thaispanampang","description":"Massage mit Kr\u00e4uter-Kugeln NamPang Die Kr\u00e4uterkugeln von NamPangwerden in handwerklicher und \u00f6kologischer\u00a0Art\u00a0und\u00a0Weisehergestellt. Sie werden auch","robots":{"index":"index","follow":"follow","max-snippet":"max-snippet:-1","max-image-preview":"max-image-preview:large","max-video-preview":"max-video-preview:-1"},"canonical":"https:\/\/thaispanampang.ch\/en\/massage-with-nampang-herbal-balls\/","og_locale":"en_US","og_type":"article","og_title":"Massage mit Kr\u00e4uter-Kugeln NamPang thaispanampang","og_description":"Massage mit Kr\u00e4uter-Kugeln NamPang Die Kr\u00e4uterkugeln von NamPangwerden in handwerklicher und \u00f6kologischer\u00a0Art\u00a0und\u00a0Weisehergestellt. Sie werden auch","og_url":"https:\/\/thaispanampang.ch\/en\/massage-with-nampang-herbal-balls\/","og_site_name":"thaispanampang","article_modified_time":"2024-02-29T20:28:08+00:00","og_image":[{"url":"https:\/\/thaispanampang.ch\/wp-content\/uploads\/2024\/02\/bolas-nampang-massage-682x1024.webp","type":"","width":"","height":""}],"twitter_card":"summary_large_image","twitter_misc":{"Est. reading time":"1 minute"},"schema":{"@context":"https:\/\/schema.org","@graph":[{"@type":"WebPage","@id":"https:\/\/thaispanampang.ch\/massage-with-nampang-herbal-balls\/","url":"https:\/\/thaispanampang.ch\/massage-with-nampang-herbal-balls\/","name":"Massage mit Kr\u00e4uter-Kugeln NamPang thaispanampang","isPartOf":{"@id":"https:\/\/thaispanampang.ch\/#website"},"primaryImageOfPage":{"@id":"https:\/\/thaispanampang.ch\/massage-with-nampang-herbal-balls\/#primaryimage"},"image":{"@id":"https:\/\/thaispanampang.ch\/massage-with-nampang-herbal-balls\/#primaryimage"},"thumbnailUrl":"https:\/\/thaispanampang.ch\/wp-content\/uploads\/2024\/02\/bolas-nampang-massage-682x1024.webp","datePublished":"2024-02-27T11:48:56+00:00","dateModified":"2024-02-29T20:28:08+00:00","description":"Massage mit Kr\u00e4uter-Kugeln NamPang Die Kr\u00e4uterkugeln von NamPangwerden in handwerklicher und \u00f6kologischer\u00a0Art\u00a0und\u00a0Weisehergestellt. Sie werden auch","breadcrumb":{"@id":"https:\/\/thaispanampang.ch\/massage-with-nampang-herbal-balls\/#breadcrumb"},"inLanguage":"en-US","potentialAction":[{"@type":"ReadAction","target":["https:\/\/thaispanampang.ch\/massage-with-nampang-herbal-balls\/"]}]},{"@type":"ImageObject","inLanguage":"en-US","@id":"https:\/\/thaispanampang.ch\/massage-with-nampang-herbal-balls\/#primaryimage","url":"https:\/\/thaispanampang.ch\/wp-content\/uploads\/2024\/02\/bolas-nampang-massage-682x1024.webp","contentUrl":"https:\/\/thaispanampang.ch\/wp-content\/uploads\/2024\/02\/bolas-nampang-massage-682x1024.webp"},{"@type":"BreadcrumbList","@id":"https:\/\/thaispanampang.ch\/massage-with-nampang-herbal-balls\/#breadcrumb","itemListElement":[{"@type":"ListItem","position":1,"name":"Inicio","item":"https:\/\/thaispanampang.ch\/"},{"@type":"ListItem","position":2,"name":"Massage mit Kr\u00e4uter-Kugeln NamPang"}]},{"@type":"WebSite","@id":"https:\/\/thaispanampang.ch\/#website","url":"https:\/\/thaispanampang.ch\/","name":"thaispanampang","description":"Spa und Massage","publisher":{"@id":"https:\/\/thaispanampang.ch\/#organization"},"potentialAction":[{"@type":"SearchAction","target":{"@type":"EntryPoint","urlTemplate":"https:\/\/thaispanampang.ch\/?s={search_term_string}"},"query-input":{"@type":"PropertyValueSpecification","valueRequired":true,"valueName":"search_term_string"}}],"inLanguage":"en-US"},{"@type":"Organization","@id":"https:\/\/thaispanampang.ch\/#organization","name":"thaispanampang","url":"https:\/\/thaispanampang.ch\/","logo":{"@type":"ImageObject","inLanguage":"en-US","@id":"https:\/\/thaispanampang.ch\/#\/schema\/logo\/image\/","url":"https:\/\/thaispanampang.ch\/wp-content\/uploads\/2023\/07\/cropped-cropped-cropped-logo-lite-296x300-1-1.webp","contentUrl":"https:\/\/thaispanampang.ch\/wp-content\/uploads\/2023\/07\/cropped-cropped-cropped-logo-lite-296x300-1-1.webp","width":296,"height":300,"caption":"thaispanampang"},"image":{"@id":"https:\/\/thaispanampang.ch\/#\/schema\/logo\/image\/"}}]}},"_links":{"self":[{"href":"https:\/\/thaispanampang.ch\/en\/wp-json\/wp\/v2\/pages\/1429","targetHints":{"allow":["GET"]}}],"collection":[{"href":"https:\/\/thaispanampang.ch\/en\/wp-json\/wp\/v2\/pages"}],"about":[{"href":"https:\/\/thaispanampang.ch\/en\/wp-json\/wp\/v2\/types\/page"}],"author":[{"embeddable":true,"href":"https:\/\/thaispanampang.ch\/en\/wp-json\/wp\/v2\/users\/1"}],"replies":[{"embeddable":true,"href":"https:\/\/thaispanampang.ch\/en\/wp-json\/wp\/v2\/comments?post=1429"}],"version-history":[{"count":17,"href":"https:\/\/thaispanampang.ch\/en\/wp-json\/wp\/v2\/pages\/1429\/revisions"}],"predecessor-version":[{"id":1612,"href":"https:\/\/thaispanampang.ch\/en\/wp-json\/wp\/v2\/pages\/1429\/revisions\/1612"}],"wp:attachment":[{"href":"https:\/\/thaispanampang.ch\/en\/wp-json\/wp\/v2\/media?parent=1429"}],"curies":[{"name":"wp","href":"https:\/\/api.w.org\/{rel}","templated":true}]}}