{"id":1395,"date":"2024-02-27T06:39:19","date_gmt":"2024-02-27T11:39:19","guid":{"rendered":"https:\/\/thaispanampang.ch\/?page_id=1395"},"modified":"2024-02-29T14:38:13","modified_gmt":"2024-02-29T19:38:13","slug":"thai-massages-with-aromatic-oils","status":"publish","type":"page","link":"https:\/\/thaispanampang.ch\/en\/thai-massages-with-aromatic-oils\/","title":{"rendered":"Thai massage with aromatic oils"},"content":{"rendered":"<div data-elementor-type=\"wp-page\" data-elementor-id=\"1395\" class=\"elementor elementor-1395\" data-elementor-post-type=\"page\">\n\t\t\t\t\t\t<section class=\"elementor-section elementor-top-section elementor-element elementor-element-93707ae elementor-section-boxed elementor-section-height-default elementor-section-height-default\" data-id=\"93707ae\" data-element_type=\"section\" data-e-type=\"section\">\n\t\t\t\t\t\t<div class=\"elementor-container elementor-column-gap-default\">\n\t\t\t\t\t<div class=\"elementor-column elementor-col-100 elementor-top-column elementor-element elementor-element-76748af\" data-id=\"76748af\" data-element_type=\"column\" data-e-type=\"column\">\n\t\t\t<div class=\"elementor-widget-wrap elementor-element-populated\">\n\t\t\t\t\t\t<div class=\"elementor-element elementor-element-48f09b5 elementor-widget elementor-widget-heading\" data-id=\"48f09b5\" data-element_type=\"widget\" data-e-type=\"widget\" data-widget_type=\"heading.default\">\n\t\t\t\t<div class=\"elementor-widget-container\">\n\t\t\t\t\t<h2 class=\"elementor-heading-title elementor-size-default\">Thai Massages with aromatic oils<\/h2>\t\t\t\t<\/div>\n\t\t\t\t<\/div>\n\t\t\t\t<div class=\"elementor-element elementor-element-b63f631 elementor-widget-divider--view-line elementor-widget elementor-widget-divider\" data-id=\"b63f631\" data-element_type=\"widget\" data-e-type=\"widget\" data-widget_type=\"divider.default\">\n\t\t\t\t<div class=\"elementor-widget-container\">\n\t\t\t\t\t\t\t<div class=\"elementor-divider\">\n\t\t\t<span class=\"elementor-divider-separator\">\n\t\t\t\t\t\t<\/span>\n\t\t<\/div>\n\t\t\t\t\t\t<\/div>\n\t\t\t\t<\/div>\n\t\t\t\t\t<\/div>\n\t\t<\/div>\n\t\t\t\t\t<\/div>\n\t\t<\/section>\n\t\t\t\t<section class=\"elementor-section elementor-top-section elementor-element elementor-element-70a8591 elementor-section-boxed elementor-section-height-default elementor-section-height-default\" data-id=\"70a8591\" data-element_type=\"section\" data-e-type=\"section\">\n\t\t\t\t\t\t<div class=\"elementor-container elementor-column-gap-default\">\n\t\t\t\t\t<div class=\"elementor-column elementor-col-33 elementor-top-column elementor-element elementor-element-9f67d54\" data-id=\"9f67d54\" data-element_type=\"column\" data-e-type=\"column\">\n\t\t\t<div class=\"elementor-widget-wrap elementor-element-populated\">\n\t\t\t\t\t\t<div class=\"elementor-element elementor-element-af3a708 elementor-widget elementor-widget-image\" data-id=\"af3a708\" data-element_type=\"widget\" data-e-type=\"widget\" data-widget_type=\"image.default\">\n\t\t\t\t<div class=\"elementor-widget-container\">\n\t\t\t\t\t\t\t\t\t\t\t\t\t\t\t<img fetchpriority=\"high\" decoding=\"async\" width=\"682\" height=\"1024\" src=\"https:\/\/thaispanampang.ch\/wp-content\/uploads\/2024\/02\/aromatic-oil-2.1-682x1024.webp\" class=\"attachment-large size-large wp-image-1397\" alt=\"aromatic-oil-\" srcset=\"https:\/\/thaispanampang.ch\/wp-content\/uploads\/2024\/02\/aromatic-oil-2.1-682x1024.webp 682w, https:\/\/thaispanampang.ch\/wp-content\/uploads\/2024\/02\/aromatic-oil-2.1-200x300.webp 200w, https:\/\/thaispanampang.ch\/wp-content\/uploads\/2024\/02\/aromatic-oil-2.1-768x1152.webp 768w, https:\/\/thaispanampang.ch\/wp-content\/uploads\/2024\/02\/aromatic-oil-2.1-1024x1536.webp 1024w, https:\/\/thaispanampang.ch\/wp-content\/uploads\/2024\/02\/aromatic-oil-2.1.webp 1333w\" sizes=\"(max-width: 682px) 100vw, 682px\" \/>\t\t\t\t\t\t\t\t\t\t\t\t\t\t\t<\/div>\n\t\t\t\t<\/div>\n\t\t\t\t\t<\/div>\n\t\t<\/div>\n\t\t\t\t<div class=\"elementor-column elementor-col-66 elementor-top-column elementor-element elementor-element-8354c56\" data-id=\"8354c56\" data-element_type=\"column\" data-e-type=\"column\">\n\t\t\t<div class=\"elementor-widget-wrap elementor-element-populated\">\n\t\t\t\t\t\t<div class=\"elementor-element elementor-element-9763a11 elementor-widget elementor-widget-spacer\" data-id=\"9763a11\" data-element_type=\"widget\" data-e-type=\"widget\" data-widget_type=\"spacer.default\">\n\t\t\t\t<div class=\"elementor-widget-container\">\n\t\t\t\t\t\t\t<div class=\"elementor-spacer\">\n\t\t\t<div class=\"elementor-spacer-inner\"><\/div>\n\t\t<\/div>\n\t\t\t\t\t\t<\/div>\n\t\t\t\t<\/div>\n\t\t\t\t<div class=\"elementor-element elementor-element-50d334f elementor-widget elementor-widget-text-editor\" data-id=\"50d334f\" data-element_type=\"widget\" data-e-type=\"widget\" data-widget_type=\"text-editor.default\">\n\t\t\t\t<div class=\"elementor-widget-container\">\n\t\t\t\t\t\t\t\t\t<div class=\"wpb_text_column wpb_content_element\"><div class=\"wpb_wrapper\"><p>This Thai massage with oils have all the properties of the traditional Thaimassage but with the application of aromatic oils whose nutrients enter directly into the bloodstream through the large numbers of capillaries on the skin.<\/p><p>This Thai massage with oils improves blood circulation, heats the body and imbues the skin natural smoothness and shine.  At the same time, the aroma contributes to balance emotions, relax the mind and increase the beneficial effects of healing touch.<\/p><p>In this massage we apply natural oil and we let the person choose between 5 essential oils specially selected by NamPang.<\/p><\/div><\/div>\t\t\t\t\t\t\t\t<\/div>\n\t\t\t\t<\/div>\n\t\t\t\t<div class=\"elementor-element elementor-element-7a05c35 elementor-widget elementor-widget-heading\" data-id=\"7a05c35\" data-element_type=\"widget\" data-e-type=\"widget\" data-widget_type=\"heading.default\">\n\t\t\t\t<div class=\"elementor-widget-container\">\n\t\t\t\t\t<h2 class=\"elementor-heading-title elementor-size-default\">60 min 100 Fr. We accept debit and credit cards<\/h2>\t\t\t\t<\/div>\n\t\t\t\t<\/div>\n\t\t\t\t\t<\/div>\n\t\t<\/div>\n\t\t\t\t\t<\/div>\n\t\t<\/section>\n\t\t\t\t<\/div>","protected":false},"excerpt":{"rendered":"<p>Thai Massages with aromatic oils Diese Thail\u00e4ndische Massage\u00a0 mit \u00d6len verf\u00fcgt \u00fcber alle Eigenschaften der traditionellen Thail\u00e4ndischen Massage mit der zus\u00e4tzlichen Anwendung von aromatischen \u00d6len, dessen N\u00e4hrwerte \u00fcber die vielen Kapillargef\u00e4\u00dfe der Haut direkt in den Blutkreislauf gelangen. Die Thail\u00e4ndische Massage mit \u00d6len verbessert den Blutkreislauf, w\u00e4rmt den K\u00f6rper und verleiht der Haut nat\u00fcrliche Weichheit [&hellip;]<\/p>\n","protected":false},"author":1,"featured_media":0,"parent":0,"menu_order":0,"comment_status":"closed","ping_status":"closed","template":"","meta":{"_monsterinsights_skip_tracking":false,"_monsterinsights_sitenote_active":false,"_monsterinsights_sitenote_note":"","_monsterinsights_sitenote_category":0,"site-sidebar-layout":"no-sidebar","site-content-layout":"page-builder","ast-site-content-layout":"default","site-content-style":"default","site-sidebar-style":"default","ast-global-header-display":"","ast-banner-title-visibility":"","ast-main-header-display":"","ast-hfb-above-header-display":"","ast-hfb-below-header-display":"","ast-hfb-mobile-header-display":"","site-post-title":"disabled","ast-breadcrumbs-content":"","ast-featured-img":"disabled","footer-sml-layout":"","ast-disable-related-posts":"","theme-transparent-header-meta":"","adv-header-id-meta":"","stick-header-meta":"","header-above-stick-meta":"","header-main-stick-meta":"","header-below-stick-meta":"","astra-migrate-meta-layouts":"default","ast-page-background-enabled":"default","ast-page-background-meta":{"desktop":{"background-color":"var(--ast-global-color-4)","background-image":"","background-repeat":"repeat","background-position":"center center","background-size":"auto","background-attachment":"scroll","background-type":"","background-media":"","overlay-type":"","overlay-color":"","overlay-opacity":"","overlay-gradient":""},"tablet":{"background-color":"","background-image":"","background-repeat":"repeat","background-position":"center center","background-size":"auto","background-attachment":"scroll","background-type":"","background-media":"","overlay-type":"","overlay-color":"","overlay-opacity":"","overlay-gradient":""},"mobile":{"background-color":"","background-image":"","background-repeat":"repeat","background-position":"center center","background-size":"auto","background-attachment":"scroll","background-type":"","background-media":"","overlay-type":"","overlay-color":"","overlay-opacity":"","overlay-gradient":""}},"ast-content-background-meta":{"desktop":{"background-color":"var(--ast-global-color-5)","background-image":"","background-repeat":"repeat","background-position":"center center","background-size":"auto","background-attachment":"scroll","background-type":"","background-media":"","overlay-type":"","overlay-color":"","overlay-opacity":"","overlay-gradient":""},"tablet":{"background-color":"var(--ast-global-color-5)","background-image":"","background-repeat":"repeat","background-position":"center center","background-size":"auto","background-attachment":"scroll","background-type":"","background-media":"","overlay-type":"","overlay-color":"","overlay-opacity":"","overlay-gradient":""},"mobile":{"background-color":"var(--ast-global-color-5)","background-image":"","background-repeat":"repeat","background-position":"center center","background-size":"auto","background-attachment":"scroll","background-type":"","background-media":"","overlay-type":"","overlay-color":"","overlay-opacity":"","overlay-gradient":""}},"footnotes":""},"class_list":["post-1395","page","type-page","status-publish","hentry"],"yoast_head":"<!-- This site is optimized with the Yoast SEO plugin v27.2 - https:\/\/yoast.com\/product\/yoast-seo-wordpress\/ -->\n<title>Thail\u00e4ndische Massage mit aromatischen \u00d6len thaispanampang<\/title>\n<meta name=\"description\" content=\"Thai Massages with aromatic oils Diese Thail\u00e4ndische Massage\u00a0 mit \u00d6len verf\u00fcgt \u00fcber alle Eigenschaften der traditionellen Thail\u00e4ndischen Massage mit der\" \/>\n<meta name=\"robots\" content=\"index, follow, max-snippet:-1, max-image-preview:large, max-video-preview:-1\" \/>\n<link rel=\"canonical\" href=\"https:\/\/thaispanampang.ch\/en\/thai-massages-with-aromatic-oils\/\" \/>\n<meta property=\"og:locale\" content=\"en_US\" \/>\n<meta property=\"og:type\" content=\"article\" \/>\n<meta property=\"og:title\" content=\"Thail\u00e4ndische Massage mit aromatischen \u00d6len thaispanampang\" \/>\n<meta property=\"og:description\" content=\"Thai Massages with aromatic oils Diese Thail\u00e4ndische Massage\u00a0 mit \u00d6len verf\u00fcgt \u00fcber alle Eigenschaften der traditionellen Thail\u00e4ndischen Massage mit der\" \/>\n<meta property=\"og:url\" content=\"https:\/\/thaispanampang.ch\/en\/thai-massages-with-aromatic-oils\/\" \/>\n<meta property=\"og:site_name\" content=\"thaispanampang\" \/>\n<meta property=\"article:modified_time\" content=\"2024-02-29T19:38:13+00:00\" \/>\n<meta property=\"og:image\" content=\"https:\/\/thaispanampang.ch\/wp-content\/uploads\/2024\/02\/aromatic-oil-2.1-682x1024.webp\" \/>\n<meta name=\"twitter:card\" content=\"summary_large_image\" \/>\n<meta name=\"twitter:label1\" content=\"Est. reading time\" \/>\n\t<meta name=\"twitter:data1\" content=\"1 minute\" \/>\n<script type=\"application\/ld+json\" class=\"yoast-schema-graph\">{\"@context\":\"https:\/\/schema.org\",\"@graph\":[{\"@type\":\"WebPage\",\"@id\":\"https:\/\/thaispanampang.ch\/thai-massages-with-aromatic-oils\/\",\"url\":\"https:\/\/thaispanampang.ch\/thai-massages-with-aromatic-oils\/\",\"name\":\"Thail\u00e4ndische Massage mit aromatischen \u00d6len thaispanampang\",\"isPartOf\":{\"@id\":\"https:\/\/thaispanampang.ch\/#website\"},\"primaryImageOfPage\":{\"@id\":\"https:\/\/thaispanampang.ch\/thai-massages-with-aromatic-oils\/#primaryimage\"},\"image\":{\"@id\":\"https:\/\/thaispanampang.ch\/thai-massages-with-aromatic-oils\/#primaryimage\"},\"thumbnailUrl\":\"https:\/\/thaispanampang.ch\/wp-content\/uploads\/2024\/02\/aromatic-oil-2.1-682x1024.webp\",\"datePublished\":\"2024-02-27T11:39:19+00:00\",\"dateModified\":\"2024-02-29T19:38:13+00:00\",\"description\":\"Thai Massages with aromatic oils Diese Thail\u00e4ndische Massage\u00a0 mit \u00d6len verf\u00fcgt \u00fcber alle Eigenschaften der traditionellen Thail\u00e4ndischen Massage mit der\",\"breadcrumb\":{\"@id\":\"https:\/\/thaispanampang.ch\/thai-massages-with-aromatic-oils\/#breadcrumb\"},\"inLanguage\":\"en-US\",\"potentialAction\":[{\"@type\":\"ReadAction\",\"target\":[\"https:\/\/thaispanampang.ch\/thai-massages-with-aromatic-oils\/\"]}]},{\"@type\":\"ImageObject\",\"inLanguage\":\"en-US\",\"@id\":\"https:\/\/thaispanampang.ch\/thai-massages-with-aromatic-oils\/#primaryimage\",\"url\":\"https:\/\/thaispanampang.ch\/wp-content\/uploads\/2024\/02\/aromatic-oil-2.1-682x1024.webp\",\"contentUrl\":\"https:\/\/thaispanampang.ch\/wp-content\/uploads\/2024\/02\/aromatic-oil-2.1-682x1024.webp\"},{\"@type\":\"BreadcrumbList\",\"@id\":\"https:\/\/thaispanampang.ch\/thai-massages-with-aromatic-oils\/#breadcrumb\",\"itemListElement\":[{\"@type\":\"ListItem\",\"position\":1,\"name\":\"Inicio\",\"item\":\"https:\/\/thaispanampang.ch\/\"},{\"@type\":\"ListItem\",\"position\":2,\"name\":\"Thail\u00e4ndische Massage mit aromatischen \u00d6len\"}]},{\"@type\":\"WebSite\",\"@id\":\"https:\/\/thaispanampang.ch\/#website\",\"url\":\"https:\/\/thaispanampang.ch\/\",\"name\":\"thaispanampang\",\"description\":\"Spa und Massage\",\"publisher\":{\"@id\":\"https:\/\/thaispanampang.ch\/#organization\"},\"potentialAction\":[{\"@type\":\"SearchAction\",\"target\":{\"@type\":\"EntryPoint\",\"urlTemplate\":\"https:\/\/thaispanampang.ch\/?s={search_term_string}\"},\"query-input\":{\"@type\":\"PropertyValueSpecification\",\"valueRequired\":true,\"valueName\":\"search_term_string\"}}],\"inLanguage\":\"en-US\"},{\"@type\":\"Organization\",\"@id\":\"https:\/\/thaispanampang.ch\/#organization\",\"name\":\"thaispanampang\",\"url\":\"https:\/\/thaispanampang.ch\/\",\"logo\":{\"@type\":\"ImageObject\",\"inLanguage\":\"en-US\",\"@id\":\"https:\/\/thaispanampang.ch\/#\/schema\/logo\/image\/\",\"url\":\"https:\/\/thaispanampang.ch\/wp-content\/uploads\/2023\/07\/cropped-cropped-cropped-logo-lite-296x300-1-1.webp\",\"contentUrl\":\"https:\/\/thaispanampang.ch\/wp-content\/uploads\/2023\/07\/cropped-cropped-cropped-logo-lite-296x300-1-1.webp\",\"width\":296,\"height\":300,\"caption\":\"thaispanampang\"},\"image\":{\"@id\":\"https:\/\/thaispanampang.ch\/#\/schema\/logo\/image\/\"}}]}<\/script>\n<!-- \/ Yoast SEO plugin. -->","yoast_head_json":{"title":"Thail\u00e4ndische Massage mit aromatischen \u00d6len thaispanampang","description":"Thai Massages with aromatic oils Diese Thail\u00e4ndische Massage\u00a0 mit \u00d6len verf\u00fcgt \u00fcber alle Eigenschaften der traditionellen Thail\u00e4ndischen Massage mit der","robots":{"index":"index","follow":"follow","max-snippet":"max-snippet:-1","max-image-preview":"max-image-preview:large","max-video-preview":"max-video-preview:-1"},"canonical":"https:\/\/thaispanampang.ch\/en\/thai-massages-with-aromatic-oils\/","og_locale":"en_US","og_type":"article","og_title":"Thail\u00e4ndische Massage mit aromatischen \u00d6len thaispanampang","og_description":"Thai Massages with aromatic oils Diese Thail\u00e4ndische Massage\u00a0 mit \u00d6len verf\u00fcgt \u00fcber alle Eigenschaften der traditionellen Thail\u00e4ndischen Massage mit der","og_url":"https:\/\/thaispanampang.ch\/en\/thai-massages-with-aromatic-oils\/","og_site_name":"thaispanampang","article_modified_time":"2024-02-29T19:38:13+00:00","og_image":[{"url":"https:\/\/thaispanampang.ch\/wp-content\/uploads\/2024\/02\/aromatic-oil-2.1-682x1024.webp","type":"","width":"","height":""}],"twitter_card":"summary_large_image","twitter_misc":{"Est. reading time":"1 minute"},"schema":{"@context":"https:\/\/schema.org","@graph":[{"@type":"WebPage","@id":"https:\/\/thaispanampang.ch\/thai-massages-with-aromatic-oils\/","url":"https:\/\/thaispanampang.ch\/thai-massages-with-aromatic-oils\/","name":"Thail\u00e4ndische Massage mit aromatischen \u00d6len thaispanampang","isPartOf":{"@id":"https:\/\/thaispanampang.ch\/#website"},"primaryImageOfPage":{"@id":"https:\/\/thaispanampang.ch\/thai-massages-with-aromatic-oils\/#primaryimage"},"image":{"@id":"https:\/\/thaispanampang.ch\/thai-massages-with-aromatic-oils\/#primaryimage"},"thumbnailUrl":"https:\/\/thaispanampang.ch\/wp-content\/uploads\/2024\/02\/aromatic-oil-2.1-682x1024.webp","datePublished":"2024-02-27T11:39:19+00:00","dateModified":"2024-02-29T19:38:13+00:00","description":"Thai Massages with aromatic oils Diese Thail\u00e4ndische Massage\u00a0 mit \u00d6len verf\u00fcgt \u00fcber alle Eigenschaften der traditionellen Thail\u00e4ndischen Massage mit der","breadcrumb":{"@id":"https:\/\/thaispanampang.ch\/thai-massages-with-aromatic-oils\/#breadcrumb"},"inLanguage":"en-US","potentialAction":[{"@type":"ReadAction","target":["https:\/\/thaispanampang.ch\/thai-massages-with-aromatic-oils\/"]}]},{"@type":"ImageObject","inLanguage":"en-US","@id":"https:\/\/thaispanampang.ch\/thai-massages-with-aromatic-oils\/#primaryimage","url":"https:\/\/thaispanampang.ch\/wp-content\/uploads\/2024\/02\/aromatic-oil-2.1-682x1024.webp","contentUrl":"https:\/\/thaispanampang.ch\/wp-content\/uploads\/2024\/02\/aromatic-oil-2.1-682x1024.webp"},{"@type":"BreadcrumbList","@id":"https:\/\/thaispanampang.ch\/thai-massages-with-aromatic-oils\/#breadcrumb","itemListElement":[{"@type":"ListItem","position":1,"name":"Inicio","item":"https:\/\/thaispanampang.ch\/"},{"@type":"ListItem","position":2,"name":"Thail\u00e4ndische Massage mit aromatischen \u00d6len"}]},{"@type":"WebSite","@id":"https:\/\/thaispanampang.ch\/#website","url":"https:\/\/thaispanampang.ch\/","name":"thaispanampang","description":"Spa und Massage","publisher":{"@id":"https:\/\/thaispanampang.ch\/#organization"},"potentialAction":[{"@type":"SearchAction","target":{"@type":"EntryPoint","urlTemplate":"https:\/\/thaispanampang.ch\/?s={search_term_string}"},"query-input":{"@type":"PropertyValueSpecification","valueRequired":true,"valueName":"search_term_string"}}],"inLanguage":"en-US"},{"@type":"Organization","@id":"https:\/\/thaispanampang.ch\/#organization","name":"thaispanampang","url":"https:\/\/thaispanampang.ch\/","logo":{"@type":"ImageObject","inLanguage":"en-US","@id":"https:\/\/thaispanampang.ch\/#\/schema\/logo\/image\/","url":"https:\/\/thaispanampang.ch\/wp-content\/uploads\/2023\/07\/cropped-cropped-cropped-logo-lite-296x300-1-1.webp","contentUrl":"https:\/\/thaispanampang.ch\/wp-content\/uploads\/2023\/07\/cropped-cropped-cropped-logo-lite-296x300-1-1.webp","width":296,"height":300,"caption":"thaispanampang"},"image":{"@id":"https:\/\/thaispanampang.ch\/#\/schema\/logo\/image\/"}}]}},"_links":{"self":[{"href":"https:\/\/thaispanampang.ch\/en\/wp-json\/wp\/v2\/pages\/1395","targetHints":{"allow":["GET"]}}],"collection":[{"href":"https:\/\/thaispanampang.ch\/en\/wp-json\/wp\/v2\/pages"}],"about":[{"href":"https:\/\/thaispanampang.ch\/en\/wp-json\/wp\/v2\/types\/page"}],"author":[{"embeddable":true,"href":"https:\/\/thaispanampang.ch\/en\/wp-json\/wp\/v2\/users\/1"}],"replies":[{"embeddable":true,"href":"https:\/\/thaispanampang.ch\/en\/wp-json\/wp\/v2\/comments?post=1395"}],"version-history":[{"count":17,"href":"https:\/\/thaispanampang.ch\/en\/wp-json\/wp\/v2\/pages\/1395\/revisions"}],"predecessor-version":[{"id":1578,"href":"https:\/\/thaispanampang.ch\/en\/wp-json\/wp\/v2\/pages\/1395\/revisions\/1578"}],"wp:attachment":[{"href":"https:\/\/thaispanampang.ch\/en\/wp-json\/wp\/v2\/media?parent=1395"}],"curies":[{"name":"wp","href":"https:\/\/api.w.org\/{rel}","templated":true}]}}